{"id":2876,"date":"2023-05-09T18:18:55","date_gmt":"2023-05-09T18:18:55","guid":{"rendered":"https:\/\/zivazanka.com\/piskotki\/"},"modified":"2026-03-15T11:10:51","modified_gmt":"2026-03-15T11:10:51","slug":"politika-piskotkov","status":"publish","type":"page","link":"https:\/\/zivazanka.com\/sl\/politika-piskotkov\/","title":{"rendered":"Politika pi\u0161kotkov"},"content":{"rendered":"\t\t<div data-elementor-type=\"wp-page\" data-elementor-id=\"2876\" class=\"elementor elementor-2876 elementor-2874\">\n\t\t\t\t<div class=\"elementor-element elementor-element-f2b95e5 e-flex e-con-boxed e-con e-parent\" data-id=\"f2b95e5\" data-element_type=\"container\" data-e-type=\"container\">\n\t\t\t\t\t<div class=\"e-con-inner\">\n\t\t<div class=\"elementor-element elementor-element-a301afd e-con-full e-flex e-con e-child\" data-id=\"a301afd\" data-element_type=\"container\" data-e-type=\"container\">\n\t\t\t\t<\/div>\n\t\t<div class=\"elementor-element elementor-element-4827343 e-con-full e-flex e-con e-child\" data-id=\"4827343\" data-element_type=\"container\" data-e-type=\"container\">\n\t\t\t\t<div class=\"elementor-element elementor-element-1a54f00 elementor-widget elementor-widget-text-editor\" data-id=\"1a54f00\" data-element_type=\"widget\" data-e-type=\"widget\" data-widget_type=\"text-editor.default\">\n\t\t\t\t<div class=\"elementor-widget-container\">\n\t\t\t\t\t\t\t\t\t<h2 style=\"text-align: center;\"><strong>Politika pi\u0161kotkov<\/strong><\/h2><p>Spletna stran zivazanka.com uporablja pi\u0161kotke. Uporabljamo jih samo za branje informacij na va\u0161em trdem disku, ki jih je tam shranil pi\u0161kotek v povezavi z na\u0161im spletnim mestom oziroma spletnim mestom na\u0161ih ogla\u0161evalskih partnerjev, pri \u010demer je natan\u010den seznam na\u0161ih pi\u0161kotkov oziroma pi\u0161kotkov na\u0161ih ogla\u0161evalskih partnerjev in njihovega delovanja naveden v nadaljevanju.  <\/p><ol><li><strong> Splo\u0161no o pi\u0161kotkih<\/strong><\/li><\/ol><p>To je tehnologija, ki jo sodobna spletna mesta uporabljajo za zbiranje in shranjevanje dolo\u010denih nastavitev in tehni\u010dnih informacij o obiskovalcu, na podlagi katerih je mogo\u010de prepoznati dolo\u010dene zna\u010dilnosti posameznega obiskovalca. Te informacije med drugim razkrivajo, kdaj in kako obiskovalci uporabljajo spletno mesto, lastniku spletnega mesta pa omogo\u010dajo, da ga nenehno izbolj\u0161uje. Uporaba pi\u0161kotkov je obi\u010dajna praksa \u0161tevilnih sodobnih spletnih mest.  <\/p><p>Prav tako lahko lastnik spletnega mesta z lastnimi pi\u0161kotki in pi\u0161kotki ogla\u0161evalskih partnerjev ogla\u0161uje svoje produkte in storitve ustreznim obiskovalcem tudi drugod po spletu (t.j. ne zgolj na lastnem spletnem mestu), kar lastnik spletnega mesta izvaja izklju\u010dno <strong>ob pridobljenem soglasju posameznega obiskovalca<\/strong> za namestitev <strong><u>neobveznih pi\u0161kotkov<\/u><\/strong>, ki jih lastniku spletnega mesta nudijo njegovi ogla\u0161evalski partnerji.<\/p><p>Sogla\u0161anje in uporaba pi\u0161kotkov, pa vam lahko kot obiskovalcu ponuja tudi dolo\u010dene prednosti, kot na primer shranjevanje va\u0161ih nastavitev, izpolnjevanje razli\u010dnih obrazcev z vnaprej pripravljenimi vnosi, bolj\u0161o prilagojenost spletnega mesta va\u0161i napravi oziroma va\u0161im potrebam ipd.<\/p><ol start=\"2\"><li><strong> Va\u0161e dovoljenje za uporabo pi\u0161kotkov<\/strong><\/li><\/ol><p>Ob obisku na\u0161ega spletnega mesta vas bo pojavno okno opozorilo na to, da je nalaganje na\u0161ih pi\u0161kotkov, ki <strong><u>niso obvezni z vidika normalnega delovanja spletnega mesta<\/u><\/strong> (npr. shranjevanje nastavitev, prilagoditev prikaznih dimenzij napravi, ipd.):<\/p><ul><li><strong><u>pogojeno z obiskoval\u010devim izrecnim soglasjem<\/u><\/strong> (<strong>klik na gumb \u00bbSprejmi vse\u00ab<\/strong> ob prvem obisku spletnega mesta),<\/li><li>pod <strong>popolnim nadzorom obiskovalca<\/strong>, saj lahko obiskovalec v brskalniku, ki ga uporablja, <strong>nalaganje pi\u0161kotkov omeji ali onemogo\u010di, <\/strong><\/li><li><strong>\u017ee nalo\u017eene pi\u0161kotke pa kadarkoli odstrani<\/strong>, skladno z navodili, ki so navedena v nadaljevanju.<\/li><\/ul><p>V kolikor ne \u017eelite, da namestimo pi\u0161kotke na va\u0161o napravo, med obiskom na\u0161ega spletnega mesta ne kliknite na gumbe za namestitev posamezne vrste pi\u0161kotkov. V kolikor pa \u017eelite odstraniti pi\u0161kotke, ki so bili morda \u017ee name\u0161\u010deni ob va\u0161em preteklem obisku, sledite spodaj opisanemu postopku. <\/p><p>Odstranitev ali blokiranje pi\u0161kotkov ima lahko za posledico neoptimalno delovanje tega spletnega mesta.<\/p><ol start=\"3\"><li><strong> Seznam pi\u0161kotkov spletnega mesta<\/strong><\/li><\/ol><p>S klikom na spodnji gumb lahko vidite seznam vseh pi\u0161kotkov, ki se uporabljajo na tej spletni strani.<\/p><p><button class=\"cky-banner-element\" style=\"color: white; border-radius: 3px; border-color: black;\">Prilagodi nastavitve<\/button><\/p><p>Nastavitve pi\u0161kotkov lahko kadar koli spremenite ali umaknete soglasje.<\/p><ol start=\"4\"><li><strong> Kako upravljati s pi\u0161kotki?<\/strong><\/li><\/ol><p>Poleg pojavnega okna ob obisku na\u0161ega spletnega mesta lahko nalaganje pi\u0161kotkov nadzorujete in odstranjujete tudi v svojem spletnem brskalniku.<\/p><p>V primeru, da \u017eelite izbrisati pi\u0161kotke iz va\u0161e naprave, vam svetujemo, da se dr\u017eite opisanih postopkov, s tem pa si boste najverjetneje omejili funkcionalnost ne samo na\u0161ega spletnega mesta, ampak tudi ve\u010dino ostalih spletnih mest, saj je uporaba pi\u0161kotkov stalnica velike ve\u010dine sodobnih spletnih mest.<\/p><p><strong>Za informacije o nastavitvah<\/strong><strong>, ki urejajo rabo oziroma izbris pi\u0161kotkov,<\/strong><strong> kliknite na povezavo <\/strong><strong>z imenom va\u0161ega brskalnika<\/strong><strong>:<\/strong><\/p><p><a href=\"https:\/\/support.mozilla.org\/en-US\/kb\/clear-cookies-and-site-data-firefox?redirectlocale=sl&amp;redirectslug=izbrisite-piskotke\">Mozilla<\/a><\/p><p><a href=\"https:\/\/support.google.com\/chrome\/answer\/95647?hl=en-sl&amp;p=cpn_cookies\">Google Chrome<\/a><\/p><p><a href=\"https:\/\/support.microsoft.com\/en-us\/windows\/manage-cookies-in-microsoft-edge-view-allow-block-delete-and-use-168dab11-0753-043d-7c16-ede5947fc64d#ie=ie-11\">Microsoft Edge<\/a><\/p><p><a href=\"https:\/\/support.apple.com\/en-in\/guide\/safari\/sfri11471\/mac\">Safari<\/a><\/p><p><a href=\"https:\/\/help.opera.com\/en\/latest\/web-preferences\/#cookies\">Opera<\/a><\/p><p>\u010ce uporabljate kateri koli drug spletni brskalnik, si oglejte uradno dokumentacijo za podporo brskalnika.<\/p>\t\t\t\t\t\t\t\t<\/div>\n\t\t\t\t<\/div>\n\t\t\t\t<\/div>\n\t\t<div class=\"elementor-element elementor-element-8439c8d e-con-full e-flex e-con e-child\" data-id=\"8439c8d\" data-element_type=\"container\" data-e-type=\"container\">\n\t\t\t\t<\/div>\n\t\t\t\t\t<\/div>\n\t\t\t\t<\/div>\n\t\t\t\t<\/div>\n\t\t","protected":false},"excerpt":{"rendered":"<p>Politika pi\u0161kotkov Spletna stran zivazanka.com uporablja pi\u0161kotke. Uporabljamo jih samo za branje informacij na va\u0161em trdem disku, ki jih je tam shranil pi\u0161kotek v povezavi z na\u0161im spletnim mestom oziroma spletnim mestom na\u0161ih ogla\u0161evalskih partnerjev, pri \u010demer je natan\u010den seznam na\u0161ih pi\u0161kotkov oziroma pi\u0161kotkov na\u0161ih ogla\u0161evalskih partnerjev in njihovega delovanja naveden v nadaljevanju. Splo\u0161no o [&hellip;]<\/p>\n","protected":false},"author":2,"featured_media":0,"parent":0,"menu_order":0,"comment_status":"closed","ping_status":"closed","template":"","meta":{"site-sidebar-layout":"no-sidebar","site-content-layout":"page-builder","ast-site-content-layout":"default","site-content-style":"default","site-sidebar-style":"default","ast-global-header-display":"","ast-banner-title-visibility":"","ast-main-header-display":"","ast-hfb-above-header-display":"","ast-hfb-below-header-display":"","ast-hfb-mobile-header-display":"","site-post-title":"disabled","ast-breadcrumbs-content":"","ast-featured-img":"disabled","footer-sml-layout":"","ast-disable-related-posts":"","theme-transparent-header-meta":"","adv-header-id-meta":"","stick-header-meta":"","header-above-stick-meta":"","header-main-stick-meta":"","header-below-stick-meta":"","astra-migrate-meta-layouts":"default","ast-page-background-enabled":"default","ast-page-background-meta":{"desktop":{"background-color":"","background-image":"","background-repeat":"repeat","background-position":"center center","background-size":"auto","background-attachment":"scroll","background-type":"","background-media":"","overlay-type":"","overlay-color":"","overlay-opacity":"","overlay-gradient":""},"tablet":{"background-color":"","background-image":"","background-repeat":"repeat","background-position":"center center","background-size":"auto","background-attachment":"scroll","background-type":"","background-media":"","overlay-type":"","overlay-color":"","overlay-opacity":"","overlay-gradient":""},"mobile":{"background-color":"","background-image":"","background-repeat":"repeat","background-position":"center center","background-size":"auto","background-attachment":"scroll","background-type":"","background-media":"","overlay-type":"","overlay-color":"","overlay-opacity":"","overlay-gradient":""}},"ast-content-background-meta":{"desktop":{"background-color":"var(--ast-global-color-5)","background-image":"","background-repeat":"repeat","background-position":"center center","background-size":"auto","background-attachment":"scroll","background-type":"","background-media":"","overlay-type":"","overlay-color":"","overlay-opacity":"","overlay-gradient":""},"tablet":{"background-color":"var(--ast-global-color-5)","background-image":"","background-repeat":"repeat","background-position":"center center","background-size":"auto","background-attachment":"scroll","background-type":"","background-media":"","overlay-type":"","overlay-color":"","overlay-opacity":"","overlay-gradient":""},"mobile":{"background-color":"var(--ast-global-color-5)","background-image":"","background-repeat":"repeat","background-position":"center center","background-size":"auto","background-attachment":"scroll","background-type":"","background-media":"","overlay-type":"","overlay-color":"","overlay-opacity":"","overlay-gradient":""}},"footnotes":""},"class_list":["post-2876","page","type-page","status-publish","hentry"],"yoast_head":"<!-- This site is optimized with the Yoast SEO plugin v27.2 - https:\/\/yoast.com\/product\/yoast-seo-wordpress\/ -->\n<title>Politika pi\u0161kotkov | \u017dIVAZANKA HANDMADE<\/title>\n<meta name=\"description\" content=\"If you want your own unique Bitcoin fashion accessory, you&#039;ve come to the right place. :)\" \/>\n<meta name=\"robots\" content=\"index, follow, max-snippet:-1, max-image-preview:large, max-video-preview:-1\" \/>\n<link rel=\"canonical\" href=\"https:\/\/zivazanka.com\/sl\/politika-piskotkov\/\" \/>\n<meta property=\"og:locale\" content=\"sl_SI\" \/>\n<meta property=\"og:type\" content=\"article\" \/>\n<meta property=\"og:title\" content=\"Politika pi\u0161kotkov | \u017dIVAZANKA HANDMADE\" \/>\n<meta property=\"og:description\" content=\"If you want your own unique Bitcoin fashion accessory, you&#039;ve come to the right place. :)\" \/>\n<meta property=\"og:url\" content=\"https:\/\/zivazanka.com\/sl\/politika-piskotkov\/\" \/>\n<meta property=\"og:site_name\" content=\"\u017dIVAZANKA HANDMADE\" \/>\n<meta property=\"article:modified_time\" content=\"2026-03-15T11:10:51+00:00\" \/>\n<meta name=\"twitter:card\" content=\"summary_large_image\" \/>\n<meta name=\"twitter:site\" content=\"@ZivaZanka\" \/>\n<script type=\"application\/ld+json\" class=\"yoast-schema-graph\">{\"@context\":\"https:\/\/schema.org\",\"@graph\":[{\"@type\":\"WebPage\",\"@id\":\"https:\/\/zivazanka.com\/sl\/politika-piskotkov\/\",\"url\":\"https:\/\/zivazanka.com\/sl\/politika-piskotkov\/\",\"name\":\"Politika pi\u0161kotkov | \u017dIVAZANKA HANDMADE\",\"isPartOf\":{\"@id\":\"https:\/\/zivazanka.com\/sl\/#website\"},\"datePublished\":\"2023-05-09T18:18:55+00:00\",\"dateModified\":\"2026-03-15T11:10:51+00:00\",\"description\":\"If you want your own unique Bitcoin fashion accessory, you've come to the right place. :)\",\"breadcrumb\":{\"@id\":\"https:\/\/zivazanka.com\/sl\/politika-piskotkov\/#breadcrumb\"},\"inLanguage\":\"sl-SI\",\"potentialAction\":[{\"@type\":\"ReadAction\",\"target\":[\"https:\/\/zivazanka.com\/sl\/politika-piskotkov\/\"]}]},{\"@type\":\"BreadcrumbList\",\"@id\":\"https:\/\/zivazanka.com\/sl\/politika-piskotkov\/#breadcrumb\",\"itemListElement\":[{\"@type\":\"ListItem\",\"position\":1,\"name\":\"Home\",\"item\":\"https:\/\/zivazanka.com\/sl\/zivazanka-com-sl\/\"},{\"@type\":\"ListItem\",\"position\":2,\"name\":\"Politika pi\u0161kotkov\"}]},{\"@type\":\"WebSite\",\"@id\":\"https:\/\/zivazanka.com\/sl\/#website\",\"url\":\"https:\/\/zivazanka.com\/sl\/\",\"name\":\"\u017dIVAZANKA HANDMADE\",\"description\":\"Modni dodatki\",\"publisher\":{\"@id\":\"https:\/\/zivazanka.com\/sl\/#organization\"},\"potentialAction\":[{\"@type\":\"SearchAction\",\"target\":{\"@type\":\"EntryPoint\",\"urlTemplate\":\"https:\/\/zivazanka.com\/sl\/?s={search_term_string}\"},\"query-input\":{\"@type\":\"PropertyValueSpecification\",\"valueRequired\":true,\"valueName\":\"search_term_string\"}}],\"inLanguage\":\"sl-SI\"},{\"@type\":\"Organization\",\"@id\":\"https:\/\/zivazanka.com\/sl\/#organization\",\"name\":\"\u017diva Petrov\u010di\u010d o.d.d.\",\"url\":\"https:\/\/zivazanka.com\/sl\/\",\"logo\":{\"@type\":\"ImageObject\",\"inLanguage\":\"sl-SI\",\"@id\":\"https:\/\/zivazanka.com\/sl\/#\/schema\/logo\/image\/\",\"url\":\"http:\/\/ziva.lightning.si\/wp-content\/uploads\/2023\/03\/stisnjen-s-tinypng.com-2013-Ziva-Zanka-Logo-ZIVA-BW-200x200pix.jpg\",\"contentUrl\":\"http:\/\/ziva.lightning.si\/wp-content\/uploads\/2023\/03\/stisnjen-s-tinypng.com-2013-Ziva-Zanka-Logo-ZIVA-BW-200x200pix.jpg\",\"width\":200,\"height\":200,\"caption\":\"\u017diva Petrov\u010di\u010d o.d.d.\"},\"image\":{\"@id\":\"https:\/\/zivazanka.com\/sl\/#\/schema\/logo\/image\/\"},\"sameAs\":[\"https:\/\/x.com\/ZivaZanka\"]}]}<\/script>\n<!-- \/ Yoast SEO plugin. -->","yoast_head_json":{"title":"Politika pi\u0161kotkov | \u017dIVAZANKA HANDMADE","description":"If you want your own unique Bitcoin fashion accessory, you've come to the right place. :)","robots":{"index":"index","follow":"follow","max-snippet":"max-snippet:-1","max-image-preview":"max-image-preview:large","max-video-preview":"max-video-preview:-1"},"canonical":"https:\/\/zivazanka.com\/sl\/politika-piskotkov\/","og_locale":"sl_SI","og_type":"article","og_title":"Politika pi\u0161kotkov | \u017dIVAZANKA HANDMADE","og_description":"If you want your own unique Bitcoin fashion accessory, you've come to the right place. :)","og_url":"https:\/\/zivazanka.com\/sl\/politika-piskotkov\/","og_site_name":"\u017dIVAZANKA HANDMADE","article_modified_time":"2026-03-15T11:10:51+00:00","twitter_card":"summary_large_image","twitter_site":"@ZivaZanka","schema":{"@context":"https:\/\/schema.org","@graph":[{"@type":"WebPage","@id":"https:\/\/zivazanka.com\/sl\/politika-piskotkov\/","url":"https:\/\/zivazanka.com\/sl\/politika-piskotkov\/","name":"Politika pi\u0161kotkov | \u017dIVAZANKA HANDMADE","isPartOf":{"@id":"https:\/\/zivazanka.com\/sl\/#website"},"datePublished":"2023-05-09T18:18:55+00:00","dateModified":"2026-03-15T11:10:51+00:00","description":"If you want your own unique Bitcoin fashion accessory, you've come to the right place. :)","breadcrumb":{"@id":"https:\/\/zivazanka.com\/sl\/politika-piskotkov\/#breadcrumb"},"inLanguage":"sl-SI","potentialAction":[{"@type":"ReadAction","target":["https:\/\/zivazanka.com\/sl\/politika-piskotkov\/"]}]},{"@type":"BreadcrumbList","@id":"https:\/\/zivazanka.com\/sl\/politika-piskotkov\/#breadcrumb","itemListElement":[{"@type":"ListItem","position":1,"name":"Home","item":"https:\/\/zivazanka.com\/sl\/zivazanka-com-sl\/"},{"@type":"ListItem","position":2,"name":"Politika pi\u0161kotkov"}]},{"@type":"WebSite","@id":"https:\/\/zivazanka.com\/sl\/#website","url":"https:\/\/zivazanka.com\/sl\/","name":"\u017dIVAZANKA HANDMADE","description":"Modni dodatki","publisher":{"@id":"https:\/\/zivazanka.com\/sl\/#organization"},"potentialAction":[{"@type":"SearchAction","target":{"@type":"EntryPoint","urlTemplate":"https:\/\/zivazanka.com\/sl\/?s={search_term_string}"},"query-input":{"@type":"PropertyValueSpecification","valueRequired":true,"valueName":"search_term_string"}}],"inLanguage":"sl-SI"},{"@type":"Organization","@id":"https:\/\/zivazanka.com\/sl\/#organization","name":"\u017diva Petrov\u010di\u010d o.d.d.","url":"https:\/\/zivazanka.com\/sl\/","logo":{"@type":"ImageObject","inLanguage":"sl-SI","@id":"https:\/\/zivazanka.com\/sl\/#\/schema\/logo\/image\/","url":"http:\/\/ziva.lightning.si\/wp-content\/uploads\/2023\/03\/stisnjen-s-tinypng.com-2013-Ziva-Zanka-Logo-ZIVA-BW-200x200pix.jpg","contentUrl":"http:\/\/ziva.lightning.si\/wp-content\/uploads\/2023\/03\/stisnjen-s-tinypng.com-2013-Ziva-Zanka-Logo-ZIVA-BW-200x200pix.jpg","width":200,"height":200,"caption":"\u017diva Petrov\u010di\u010d o.d.d."},"image":{"@id":"https:\/\/zivazanka.com\/sl\/#\/schema\/logo\/image\/"},"sameAs":["https:\/\/x.com\/ZivaZanka"]}]}},"_links":{"self":[{"href":"https:\/\/zivazanka.com\/sl\/wp-json\/wp\/v2\/pages\/2876","targetHints":{"allow":["GET"]}}],"collection":[{"href":"https:\/\/zivazanka.com\/sl\/wp-json\/wp\/v2\/pages"}],"about":[{"href":"https:\/\/zivazanka.com\/sl\/wp-json\/wp\/v2\/types\/page"}],"author":[{"embeddable":true,"href":"https:\/\/zivazanka.com\/sl\/wp-json\/wp\/v2\/users\/2"}],"replies":[{"embeddable":true,"href":"https:\/\/zivazanka.com\/sl\/wp-json\/wp\/v2\/comments?post=2876"}],"version-history":[{"count":9,"href":"https:\/\/zivazanka.com\/sl\/wp-json\/wp\/v2\/pages\/2876\/revisions"}],"predecessor-version":[{"id":4983,"href":"https:\/\/zivazanka.com\/sl\/wp-json\/wp\/v2\/pages\/2876\/revisions\/4983"}],"wp:attachment":[{"href":"https:\/\/zivazanka.com\/sl\/wp-json\/wp\/v2\/media?parent=2876"}],"curies":[{"name":"wp","href":"https:\/\/api.w.org\/{rel}","templated":true}]}}