{"id":3977,"date":"2023-08-31T09:32:42","date_gmt":"2023-08-31T09:32:42","guid":{"rendered":"https:\/\/zivazanka.com\/?post_type=product&#038;p=3977"},"modified":"2026-01-22T09:19:14","modified_gmt":"2026-01-22T09:19:14","slug":"crn-oranzen-bitcoin-trak","status":"publish","type":"product","link":"https:\/\/zivazanka.com\/sl\/izdelek\/crn-oranzen-bitcoin-trak\/","title":{"rendered":"\u010crn naglavni trak Bitcoin"},"content":{"rendered":"<p>Ta unikaten naglavni trak je popoln dodatek za bitcoinerje, za \u017eenske ali za mo\u0161ke.<\/p>\n<p>Udoben je za no\u0161enje, <span style=\"font-size: 16px;\">raztegljiv, mehak in topel. <\/span><span style=\"font-size: 16px; font-style: normal; font-weight: 400;\">Nosljiv je od jeseni od pomladi. <\/span><span style=\"font-size: 16px;\">Lahko ga kombiniramo z razli\u010dnimi obla\u010dili in je enostaven za vzdr\u017eevanje. <\/span> <\/p>\n<p>To je lahko tudi dobro darilo za va\u0161e prijatelje, sodelavce ali dru\u017einske \u010dlane, ki so bitcoinerji. To je lahko tudi dobro darilo za va\u0161e prijatelje, sodelavce ali dru\u017einske \u010dlane. Predstavlja namre\u010d darilo, ki je bolj osebno, saj je ro\u010dno izdelano. Obenem pa je tudi redko, pomensko, prakti\u010dno in kakovostno. <\/p>\n<p>===== Materiali =====<\/p>\n<p>Trak je ro\u010dno izdelan iz mehke 100% volnene preje s certifikatom Oeko-Tex (pralne v stroju) v \u010drni in oran\u017eni barvi.<\/p>\n<p>===== Velikost \/ Mere =====<\/p>\n<p>Velikost, ki ustreza ve\u010dini (One Size Fits Most)<\/p>\n<p>Obseg glave: 58\u201362 cm<br \/>\nVi\u0161ina: 11,5 cm<\/p>\n<p>===== Navodila za vzdr\u017eevanje =====<\/p>\n<p>Pralna je v stroju (ob\u010dutljivo perilo\/ro\u010dno pranje, 30\u00b0C). Uporabite samo detergent za volno. Ne su\u0161ite je v su\u0161ilcu. Polo\u017eite jo na vodoravno povr\u0161ino in posu\u0161ite. Ne likajte je.    <\/p>\n","protected":false},"excerpt":{"rendered":"<p>&nbsp;<\/p>\n<ul>\n<li>za \u017eenske ali mo\u0161ke<\/li>\n<li>ro\u010dno izdelano in unikatno<\/li>\n<li>iz mehke 100% volnene preje (Oeko-Tex)<\/li>\n<li>pralno v stroju<\/li>\n<li>udobno za no\u0161enje<\/li>\n<li>bolj osebno, pomensko, uporabno, kakovostno darilo<\/li>\n<\/ul>\n","protected":false},"featured_media":3983,"template":"","meta":{"site-sidebar-layout":"default","site-content-layout":"default","ast-site-content-layout":"default","site-content-style":"default","site-sidebar-style":"default","ast-global-header-display":"","ast-banner-title-visibility":"","ast-main-header-display":"","ast-hfb-above-header-display":"","ast-hfb-below-header-display":"","ast-hfb-mobile-header-display":"","site-post-title":"","ast-breadcrumbs-content":"","ast-featured-img":"","footer-sml-layout":"","ast-disable-related-posts":"","theme-transparent-header-meta":"default","adv-header-id-meta":"","stick-header-meta":"","header-above-stick-meta":"","header-main-stick-meta":"","header-below-stick-meta":"","astra-migrate-meta-layouts":"set","ast-page-background-enabled":"default","ast-page-background-meta":{"desktop":{"background-color":"","background-image":"","background-repeat":"repeat","background-position":"center center","background-size":"auto","background-attachment":"scroll","background-type":"","background-media":"","overlay-type":"","overlay-color":"","overlay-opacity":"","overlay-gradient":""},"tablet":{"background-color":"","background-image":"","background-repeat":"repeat","background-position":"center center","background-size":"auto","background-attachment":"scroll","background-type":"","background-media":"","overlay-type":"","overlay-color":"","overlay-opacity":"","overlay-gradient":""},"mobile":{"background-color":"","background-image":"","background-repeat":"repeat","background-position":"center center","background-size":"auto","background-attachment":"scroll","background-type":"","background-media":"","overlay-type":"","overlay-color":"","overlay-opacity":"","overlay-gradient":""}},"ast-content-background-meta":{"desktop":{"background-color":"var(--ast-global-color-5)","background-image":"","background-repeat":"repeat","background-position":"center center","background-size":"auto","background-attachment":"scroll","background-type":"","background-media":"","overlay-type":"","overlay-color":"","overlay-opacity":"","overlay-gradient":""},"tablet":{"background-color":"var(--ast-global-color-5)","background-image":"","background-repeat":"repeat","background-position":"center center","background-size":"auto","background-attachment":"scroll","background-type":"","background-media":"","overlay-type":"","overlay-color":"","overlay-opacity":"","overlay-gradient":""},"mobile":{"background-color":"var(--ast-global-color-5)","background-image":"","background-repeat":"repeat","background-position":"center center","background-size":"auto","background-attachment":"scroll","background-type":"","background-media":"","overlay-type":"","overlay-color":"","overlay-opacity":"","overlay-gradient":""}}},"product_brand":[],"product_cat":[90],"product_tag":[],"class_list":{"0":"post-3977","1":"product","2":"type-product","3":"status-publish","4":"has-post-thumbnail","6":"product_cat-tematska-kolekcija-bitcoin","7":"desktop-align-left","8":"tablet-align-left","9":"mobile-align-left","11":"first","12":"instock","13":"featured","14":"shipping-taxable","15":"purchasable","16":"product-type-simple"},"yoast_head":"<!-- This site is optimized with the Yoast SEO plugin v27.2 - https:\/\/yoast.com\/product\/yoast-seo-wordpress\/ -->\n<title>\u010crn naglavni trak Bitcoin | \u017dIVAZANKA HANDMADE<\/title>\n<meta name=\"description\" content=\"\u010ce si bitcoiner\/-ka, in bi rad\/-a nosil\/-a unikatno kapo Bitcoin, si na pravem mestu. :) :)\" \/>\n<meta name=\"robots\" content=\"index, follow, max-snippet:-1, max-image-preview:large, max-video-preview:-1\" \/>\n<link rel=\"canonical\" href=\"https:\/\/zivazanka.com\/sl\/izdelek\/crn-oranzen-bitcoin-trak\/\" \/>\n<meta property=\"og:locale\" content=\"sl_SI\" \/>\n<meta property=\"og:type\" content=\"article\" \/>\n<meta property=\"og:title\" content=\"\u010crn naglavni trak Bitcoin | \u017dIVAZANKA HANDMADE\" \/>\n<meta property=\"og:description\" content=\"\u010ce si bitcoiner\/-ka, in bi rad\/-a nosil\/-a unikatno kapo Bitcoin, si na pravem mestu. :) :)\" \/>\n<meta property=\"og:url\" content=\"https:\/\/zivazanka.com\/sl\/izdelek\/crn-oranzen-bitcoin-trak\/\" \/>\n<meta property=\"og:site_name\" content=\"\u017dIVAZANKA HANDMADE\" \/>\n<meta property=\"article:modified_time\" content=\"2026-01-22T09:19:14+00:00\" \/>\n<meta property=\"og:image\" content=\"https:\/\/zivazanka.com\/wp-content\/uploads\/2023\/08\/Black-Bitcoin-Headband-front.png\" \/>\n\t<meta property=\"og:image:width\" content=\"1000\" \/>\n\t<meta property=\"og:image:height\" content=\"787\" \/>\n\t<meta property=\"og:image:type\" content=\"image\/png\" \/>\n<meta name=\"twitter:card\" content=\"summary_large_image\" \/>\n<meta name=\"twitter:site\" content=\"@ZivaZanka\" \/>\n<script type=\"application\/ld+json\" class=\"yoast-schema-graph\">{\"@context\":\"https:\/\/schema.org\",\"@graph\":[{\"@type\":\"WebPage\",\"@id\":\"https:\/\/zivazanka.com\/sl\/izdelek\/crn-oranzen-bitcoin-trak\/\",\"url\":\"https:\/\/zivazanka.com\/sl\/izdelek\/crn-oranzen-bitcoin-trak\/\",\"name\":\"\u010crn naglavni trak Bitcoin | \u017dIVAZANKA HANDMADE\",\"isPartOf\":{\"@id\":\"https:\/\/zivazanka.com\/sl\/#website\"},\"primaryImageOfPage\":{\"@id\":\"https:\/\/zivazanka.com\/sl\/izdelek\/crn-oranzen-bitcoin-trak\/#primaryimage\"},\"image\":{\"@id\":\"https:\/\/zivazanka.com\/sl\/izdelek\/crn-oranzen-bitcoin-trak\/#primaryimage\"},\"thumbnailUrl\":\"https:\/\/zivazanka.com\/wp-content\/uploads\/2023\/08\/Black-Bitcoin-Headband-front.png\",\"datePublished\":\"2023-08-31T09:32:42+00:00\",\"dateModified\":\"2026-01-22T09:19:14+00:00\",\"description\":\"\u010ce si bitcoiner\/-ka, in bi rad\/-a nosil\/-a unikatno kapo Bitcoin, si na pravem mestu. :) :)\",\"breadcrumb\":{\"@id\":\"https:\/\/zivazanka.com\/sl\/izdelek\/crn-oranzen-bitcoin-trak\/#breadcrumb\"},\"inLanguage\":\"sl-SI\",\"potentialAction\":[{\"@type\":\"ReadAction\",\"target\":[\"https:\/\/zivazanka.com\/sl\/izdelek\/crn-oranzen-bitcoin-trak\/\"]}]},{\"@type\":\"ImageObject\",\"inLanguage\":\"sl-SI\",\"@id\":\"https:\/\/zivazanka.com\/sl\/izdelek\/crn-oranzen-bitcoin-trak\/#primaryimage\",\"url\":\"https:\/\/zivazanka.com\/wp-content\/uploads\/2023\/08\/Black-Bitcoin-Headband-front.png\",\"contentUrl\":\"https:\/\/zivazanka.com\/wp-content\/uploads\/2023\/08\/Black-Bitcoin-Headband-front.png\",\"width\":1000,\"height\":787},{\"@type\":\"BreadcrumbList\",\"@id\":\"https:\/\/zivazanka.com\/sl\/izdelek\/crn-oranzen-bitcoin-trak\/#breadcrumb\",\"itemListElement\":[{\"@type\":\"ListItem\",\"position\":1,\"name\":\"Home\",\"item\":\"https:\/\/zivazanka.com\/sl\/zivazanka-com-sl\/\"},{\"@type\":\"ListItem\",\"position\":2,\"name\":\"Trgovina\",\"item\":\"https:\/\/zivazanka.com\/sl\/trgovina\/\"},{\"@type\":\"ListItem\",\"position\":3,\"name\":\"\u010crn naglavni trak Bitcoin\"}]},{\"@type\":\"WebSite\",\"@id\":\"https:\/\/zivazanka.com\/sl\/#website\",\"url\":\"https:\/\/zivazanka.com\/sl\/\",\"name\":\"\u017dIVAZANKA HANDMADE\",\"description\":\"Modni dodatki\",\"publisher\":{\"@id\":\"https:\/\/zivazanka.com\/sl\/#organization\"},\"potentialAction\":[{\"@type\":\"SearchAction\",\"target\":{\"@type\":\"EntryPoint\",\"urlTemplate\":\"https:\/\/zivazanka.com\/sl\/?s={search_term_string}\"},\"query-input\":{\"@type\":\"PropertyValueSpecification\",\"valueRequired\":true,\"valueName\":\"search_term_string\"}}],\"inLanguage\":\"sl-SI\"},{\"@type\":\"Organization\",\"@id\":\"https:\/\/zivazanka.com\/sl\/#organization\",\"name\":\"\u017diva Petrov\u010di\u010d o.d.d.\",\"url\":\"https:\/\/zivazanka.com\/sl\/\",\"logo\":{\"@type\":\"ImageObject\",\"inLanguage\":\"sl-SI\",\"@id\":\"https:\/\/zivazanka.com\/sl\/#\/schema\/logo\/image\/\",\"url\":\"http:\/\/ziva.lightning.si\/wp-content\/uploads\/2023\/03\/stisnjen-s-tinypng.com-2013-Ziva-Zanka-Logo-ZIVA-BW-200x200pix.jpg\",\"contentUrl\":\"http:\/\/ziva.lightning.si\/wp-content\/uploads\/2023\/03\/stisnjen-s-tinypng.com-2013-Ziva-Zanka-Logo-ZIVA-BW-200x200pix.jpg\",\"width\":200,\"height\":200,\"caption\":\"\u017diva Petrov\u010di\u010d o.d.d.\"},\"image\":{\"@id\":\"https:\/\/zivazanka.com\/sl\/#\/schema\/logo\/image\/\"},\"sameAs\":[\"https:\/\/x.com\/ZivaZanka\"]}]}<\/script>\n<!-- \/ Yoast SEO plugin. -->","yoast_head_json":{"title":"\u010crn naglavni trak Bitcoin | \u017dIVAZANKA HANDMADE","description":"\u010ce si bitcoiner\/-ka, in bi rad\/-a nosil\/-a unikatno kapo Bitcoin, si na pravem mestu. :) :)","robots":{"index":"index","follow":"follow","max-snippet":"max-snippet:-1","max-image-preview":"max-image-preview:large","max-video-preview":"max-video-preview:-1"},"canonical":"https:\/\/zivazanka.com\/sl\/izdelek\/crn-oranzen-bitcoin-trak\/","og_locale":"sl_SI","og_type":"article","og_title":"\u010crn naglavni trak Bitcoin | \u017dIVAZANKA HANDMADE","og_description":"\u010ce si bitcoiner\/-ka, in bi rad\/-a nosil\/-a unikatno kapo Bitcoin, si na pravem mestu. :) :)","og_url":"https:\/\/zivazanka.com\/sl\/izdelek\/crn-oranzen-bitcoin-trak\/","og_site_name":"\u017dIVAZANKA HANDMADE","article_modified_time":"2026-01-22T09:19:14+00:00","og_image":[{"width":1000,"height":787,"url":"https:\/\/zivazanka.com\/wp-content\/uploads\/2023\/08\/Black-Bitcoin-Headband-front.png","type":"image\/png"}],"twitter_card":"summary_large_image","twitter_site":"@ZivaZanka","schema":{"@context":"https:\/\/schema.org","@graph":[{"@type":"WebPage","@id":"https:\/\/zivazanka.com\/sl\/izdelek\/crn-oranzen-bitcoin-trak\/","url":"https:\/\/zivazanka.com\/sl\/izdelek\/crn-oranzen-bitcoin-trak\/","name":"\u010crn naglavni trak Bitcoin | \u017dIVAZANKA HANDMADE","isPartOf":{"@id":"https:\/\/zivazanka.com\/sl\/#website"},"primaryImageOfPage":{"@id":"https:\/\/zivazanka.com\/sl\/izdelek\/crn-oranzen-bitcoin-trak\/#primaryimage"},"image":{"@id":"https:\/\/zivazanka.com\/sl\/izdelek\/crn-oranzen-bitcoin-trak\/#primaryimage"},"thumbnailUrl":"https:\/\/zivazanka.com\/wp-content\/uploads\/2023\/08\/Black-Bitcoin-Headband-front.png","datePublished":"2023-08-31T09:32:42+00:00","dateModified":"2026-01-22T09:19:14+00:00","description":"\u010ce si bitcoiner\/-ka, in bi rad\/-a nosil\/-a unikatno kapo Bitcoin, si na pravem mestu. :) :)","breadcrumb":{"@id":"https:\/\/zivazanka.com\/sl\/izdelek\/crn-oranzen-bitcoin-trak\/#breadcrumb"},"inLanguage":"sl-SI","potentialAction":[{"@type":"ReadAction","target":["https:\/\/zivazanka.com\/sl\/izdelek\/crn-oranzen-bitcoin-trak\/"]}]},{"@type":"ImageObject","inLanguage":"sl-SI","@id":"https:\/\/zivazanka.com\/sl\/izdelek\/crn-oranzen-bitcoin-trak\/#primaryimage","url":"https:\/\/zivazanka.com\/wp-content\/uploads\/2023\/08\/Black-Bitcoin-Headband-front.png","contentUrl":"https:\/\/zivazanka.com\/wp-content\/uploads\/2023\/08\/Black-Bitcoin-Headband-front.png","width":1000,"height":787},{"@type":"BreadcrumbList","@id":"https:\/\/zivazanka.com\/sl\/izdelek\/crn-oranzen-bitcoin-trak\/#breadcrumb","itemListElement":[{"@type":"ListItem","position":1,"name":"Home","item":"https:\/\/zivazanka.com\/sl\/zivazanka-com-sl\/"},{"@type":"ListItem","position":2,"name":"Trgovina","item":"https:\/\/zivazanka.com\/sl\/trgovina\/"},{"@type":"ListItem","position":3,"name":"\u010crn naglavni trak Bitcoin"}]},{"@type":"WebSite","@id":"https:\/\/zivazanka.com\/sl\/#website","url":"https:\/\/zivazanka.com\/sl\/","name":"\u017dIVAZANKA HANDMADE","description":"Modni dodatki","publisher":{"@id":"https:\/\/zivazanka.com\/sl\/#organization"},"potentialAction":[{"@type":"SearchAction","target":{"@type":"EntryPoint","urlTemplate":"https:\/\/zivazanka.com\/sl\/?s={search_term_string}"},"query-input":{"@type":"PropertyValueSpecification","valueRequired":true,"valueName":"search_term_string"}}],"inLanguage":"sl-SI"},{"@type":"Organization","@id":"https:\/\/zivazanka.com\/sl\/#organization","name":"\u017diva Petrov\u010di\u010d o.d.d.","url":"https:\/\/zivazanka.com\/sl\/","logo":{"@type":"ImageObject","inLanguage":"sl-SI","@id":"https:\/\/zivazanka.com\/sl\/#\/schema\/logo\/image\/","url":"http:\/\/ziva.lightning.si\/wp-content\/uploads\/2023\/03\/stisnjen-s-tinypng.com-2013-Ziva-Zanka-Logo-ZIVA-BW-200x200pix.jpg","contentUrl":"http:\/\/ziva.lightning.si\/wp-content\/uploads\/2023\/03\/stisnjen-s-tinypng.com-2013-Ziva-Zanka-Logo-ZIVA-BW-200x200pix.jpg","width":200,"height":200,"caption":"\u017diva Petrov\u010di\u010d o.d.d."},"image":{"@id":"https:\/\/zivazanka.com\/sl\/#\/schema\/logo\/image\/"},"sameAs":["https:\/\/x.com\/ZivaZanka"]}]}},"_links":{"self":[{"href":"https:\/\/zivazanka.com\/sl\/wp-json\/wp\/v2\/product\/3977","targetHints":{"allow":["GET"]}}],"collection":[{"href":"https:\/\/zivazanka.com\/sl\/wp-json\/wp\/v2\/product"}],"about":[{"href":"https:\/\/zivazanka.com\/sl\/wp-json\/wp\/v2\/types\/product"}],"wp:featuredmedia":[{"embeddable":true,"href":"https:\/\/zivazanka.com\/sl\/wp-json\/wp\/v2\/media\/3983"}],"wp:attachment":[{"href":"https:\/\/zivazanka.com\/sl\/wp-json\/wp\/v2\/media?parent=3977"}],"wp:term":[{"taxonomy":"product_brand","embeddable":true,"href":"https:\/\/zivazanka.com\/sl\/wp-json\/wp\/v2\/product_brand?post=3977"},{"taxonomy":"product_cat","embeddable":true,"href":"https:\/\/zivazanka.com\/sl\/wp-json\/wp\/v2\/product_cat?post=3977"},{"taxonomy":"product_tag","embeddable":true,"href":"https:\/\/zivazanka.com\/sl\/wp-json\/wp\/v2\/product_tag?post=3977"}],"curies":[{"name":"wp","href":"https:\/\/api.w.org\/{rel}","templated":true}]}}