{"id":4218,"date":"2025-04-19T10:22:53","date_gmt":"2025-04-19T10:22:53","guid":{"rendered":"https:\/\/zivazanka.com\/?post_type=product&#038;p=4218"},"modified":"2026-01-25T15:11:52","modified_gmt":"2026-01-25T15:11:52","slug":"crn-siv-oranzen-bombazen-ombre-sal-bitcoin","status":"publish","type":"product","link":"https:\/\/zivazanka.com\/sl\/izdelek\/crn-siv-oranzen-bombazen-ombre-sal-bitcoin\/","title":{"rendered":"\u010crna, siva &amp; oran\u017ena ombre bomba\u017ena ruta Bitcoin"},"content":{"rendered":"<p>Ta unikaten trikoten \u0161al oziroma ruta v uli\u010dnem stilu je popoln statement dodatek za bitcoinerko ali bitcoinerja.<\/p>\n<p>Je lahka, udobna, mehka, trpe\u017ena in enostavna za vzdr\u017eevanje.<span style=\"font-size: 16px;\">. Primerna<\/span><span style=\"font-size: 16px;\">je za vsakodnevno no\u0161enje v vseh letnih \u010dasih in lahko jo kombiniramo z raznimi obla\u010dili.<\/span><\/p>\n<p>To je lahko tudi dobro darilo za va\u0161e prijatelje, sodelavce ali dru\u017einske \u010dlane, ki so bitcoinerji. Predstavlja namre\u010d darilo, ki je bolj osebno, saj je ro\u010dno izdelano. Obenem pa je tudi redko, pomensko, prakti\u010dno in kakovostno. <\/p>\n<p>===== Materiali =====<\/p>\n<p>Ro\u010dno je bil izdelana iz 100% bomba\u017ene preje s certifikatom Oeko-Tex v odtenkih sive, oran\u017ene in <span style=\"font-size: 16px; font-style: normal; font-weight: 400;\">\u010drne<\/span><span style=\"font-size: 16px;\"> barve<\/span><span style=\"font-size: 16px; font-style: normal; font-weight: 400;\">.<\/span><\/p>\n<p>===== Velikost \/ Mere =====<\/p>\n<p>150 cm (najdalj\u0161a stranica) x 74 cm (od sredine najdalj\u0161e stranice do nasprotne konice)<\/p>\n<p>===== Navodila za vzdr\u017eevanje =====<\/p>\n<p>Izdelek je pralen v stroju (ob\u010dutljivo perilo\/ro\u010dno pranje, 30\u00b0C). Ne su\u0161ite v su\u0161ilcu. Polo\u017eite na vodoravno povr\u0161ino in posu\u0161ite. Ne likajte.<\/p>\n","protected":false},"excerpt":{"rendered":"<p>&nbsp;<\/p>\n<ul>\n<li>za \u017eenske ali mo\u0161ke<\/li>\n<li>ro\u010dno izdelano in unikatno<\/li>\n<li>iz mehke 100% bomba\u017ene preje (Oeko-Tex)<\/li>\n<li>pralno v stroju<\/li>\n<li>udobno za no\u0161enje<\/li>\n<li>bolj osebno, pomensko, uporabno, kakovostno darilo<\/li>\n<\/ul>\n<p>&nbsp;<\/p>\n<p>&nbsp;<\/p>\n","protected":false},"featured_media":4227,"template":"","meta":{"site-sidebar-layout":"default","site-content-layout":"default","ast-site-content-layout":"default","site-content-style":"default","site-sidebar-style":"default","ast-global-header-display":"","ast-banner-title-visibility":"","ast-main-header-display":"","ast-hfb-above-header-display":"","ast-hfb-below-header-display":"","ast-hfb-mobile-header-display":"","site-post-title":"","ast-breadcrumbs-content":"","ast-featured-img":"","footer-sml-layout":"","ast-disable-related-posts":"","theme-transparent-header-meta":"default","adv-header-id-meta":"","stick-header-meta":"","header-above-stick-meta":"","header-main-stick-meta":"","header-below-stick-meta":"","astra-migrate-meta-layouts":"set","ast-page-background-enabled":"default","ast-page-background-meta":{"desktop":{"background-color":"","background-image":"","background-repeat":"repeat","background-position":"center center","background-size":"auto","background-attachment":"scroll","background-type":"","background-media":"","overlay-type":"","overlay-color":"","overlay-opacity":"","overlay-gradient":""},"tablet":{"background-color":"","background-image":"","background-repeat":"repeat","background-position":"center center","background-size":"auto","background-attachment":"scroll","background-type":"","background-media":"","overlay-type":"","overlay-color":"","overlay-opacity":"","overlay-gradient":""},"mobile":{"background-color":"","background-image":"","background-repeat":"repeat","background-position":"center center","background-size":"auto","background-attachment":"scroll","background-type":"","background-media":"","overlay-type":"","overlay-color":"","overlay-opacity":"","overlay-gradient":""}},"ast-content-background-meta":{"desktop":{"background-color":"var(--ast-global-color-5)","background-image":"","background-repeat":"repeat","background-position":"center center","background-size":"auto","background-attachment":"scroll","background-type":"","background-media":"","overlay-type":"","overlay-color":"","overlay-opacity":"","overlay-gradient":""},"tablet":{"background-color":"var(--ast-global-color-5)","background-image":"","background-repeat":"repeat","background-position":"center center","background-size":"auto","background-attachment":"scroll","background-type":"","background-media":"","overlay-type":"","overlay-color":"","overlay-opacity":"","overlay-gradient":""},"mobile":{"background-color":"var(--ast-global-color-5)","background-image":"","background-repeat":"repeat","background-position":"center center","background-size":"auto","background-attachment":"scroll","background-type":"","background-media":"","overlay-type":"","overlay-color":"","overlay-opacity":"","overlay-gradient":""}}},"product_brand":[],"product_cat":[90],"product_tag":[],"class_list":{"0":"post-4218","1":"product","2":"type-product","3":"status-publish","4":"has-post-thumbnail","6":"product_cat-tematska-kolekcija-bitcoin","7":"desktop-align-left","8":"tablet-align-left","9":"mobile-align-left","11":"first","12":"instock","13":"featured","14":"shipping-taxable","15":"purchasable","16":"product-type-simple"},"yoast_head":"<!-- This site is optimized with the Yoast SEO plugin v27.2 - https:\/\/yoast.com\/product\/yoast-seo-wordpress\/ -->\n<title>\u010crna, siva &amp; oran\u017ena ombre bomba\u017ena ruta Bitcoin | \u017dIVAZANKA HANDMADE<\/title>\n<meta name=\"description\" content=\"\u010ce si bitcoiner\/-ka in bi \u017eelel\/-a nositi svoj unikaten \u0161al Bitcoin, si na pravem mestu. :)\" \/>\n<meta name=\"robots\" content=\"index, follow, max-snippet:-1, max-image-preview:large, max-video-preview:-1\" \/>\n<link rel=\"canonical\" href=\"https:\/\/zivazanka.com\/sl\/izdelek\/crn-siv-oranzen-bombazen-ombre-sal-bitcoin\/\" \/>\n<meta property=\"og:locale\" content=\"sl_SI\" \/>\n<meta property=\"og:type\" content=\"article\" \/>\n<meta property=\"og:title\" content=\"\u010crna, siva &amp; oran\u017ena ombre bomba\u017ena ruta Bitcoin | \u017dIVAZANKA HANDMADE\" \/>\n<meta property=\"og:description\" content=\"\u010ce si bitcoiner\/-ka in bi \u017eelel\/-a nositi svoj unikaten \u0161al Bitcoin, si na pravem mestu. :)\" \/>\n<meta property=\"og:url\" content=\"https:\/\/zivazanka.com\/sl\/izdelek\/crn-siv-oranzen-bombazen-ombre-sal-bitcoin\/\" \/>\n<meta property=\"og:site_name\" content=\"\u017dIVAZANKA HANDMADE\" \/>\n<meta property=\"article:modified_time\" content=\"2026-01-25T15:11:52+00:00\" \/>\n<meta property=\"og:image\" content=\"https:\/\/zivazanka.com\/wp-content\/uploads\/2025\/04\/Black-Gray-Orange-Bitcoin-Ombre-Shawl-right.png\" \/>\n\t<meta property=\"og:image:width\" content=\"1000\" \/>\n\t<meta property=\"og:image:height\" content=\"800\" \/>\n\t<meta property=\"og:image:type\" content=\"image\/png\" \/>\n<meta name=\"twitter:card\" content=\"summary_large_image\" \/>\n<meta name=\"twitter:site\" content=\"@ZivaZanka\" \/>\n<script type=\"application\/ld+json\" class=\"yoast-schema-graph\">{\"@context\":\"https:\/\/schema.org\",\"@graph\":[{\"@type\":\"WebPage\",\"@id\":\"https:\/\/zivazanka.com\/sl\/izdelek\/crn-siv-oranzen-bombazen-ombre-sal-bitcoin\/\",\"url\":\"https:\/\/zivazanka.com\/sl\/izdelek\/crn-siv-oranzen-bombazen-ombre-sal-bitcoin\/\",\"name\":\"\u010crna, siva &amp; oran\u017ena ombre bomba\u017ena ruta Bitcoin | \u017dIVAZANKA HANDMADE\",\"isPartOf\":{\"@id\":\"https:\/\/zivazanka.com\/sl\/#website\"},\"primaryImageOfPage\":{\"@id\":\"https:\/\/zivazanka.com\/sl\/izdelek\/crn-siv-oranzen-bombazen-ombre-sal-bitcoin\/#primaryimage\"},\"image\":{\"@id\":\"https:\/\/zivazanka.com\/sl\/izdelek\/crn-siv-oranzen-bombazen-ombre-sal-bitcoin\/#primaryimage\"},\"thumbnailUrl\":\"https:\/\/zivazanka.com\/wp-content\/uploads\/2025\/04\/Black-Gray-Orange-Bitcoin-Ombre-Shawl-right.png\",\"datePublished\":\"2025-04-19T10:22:53+00:00\",\"dateModified\":\"2026-01-25T15:11:52+00:00\",\"description\":\"\u010ce si bitcoiner\/-ka in bi \u017eelel\/-a nositi svoj unikaten \u0161al Bitcoin, si na pravem mestu. :)\",\"breadcrumb\":{\"@id\":\"https:\/\/zivazanka.com\/sl\/izdelek\/crn-siv-oranzen-bombazen-ombre-sal-bitcoin\/#breadcrumb\"},\"inLanguage\":\"sl-SI\",\"potentialAction\":[{\"@type\":\"ReadAction\",\"target\":[\"https:\/\/zivazanka.com\/sl\/izdelek\/crn-siv-oranzen-bombazen-ombre-sal-bitcoin\/\"]}]},{\"@type\":\"ImageObject\",\"inLanguage\":\"sl-SI\",\"@id\":\"https:\/\/zivazanka.com\/sl\/izdelek\/crn-siv-oranzen-bombazen-ombre-sal-bitcoin\/#primaryimage\",\"url\":\"https:\/\/zivazanka.com\/wp-content\/uploads\/2025\/04\/Black-Gray-Orange-Bitcoin-Ombre-Shawl-right.png\",\"contentUrl\":\"https:\/\/zivazanka.com\/wp-content\/uploads\/2025\/04\/Black-Gray-Orange-Bitcoin-Ombre-Shawl-right.png\",\"width\":1000,\"height\":800},{\"@type\":\"BreadcrumbList\",\"@id\":\"https:\/\/zivazanka.com\/sl\/izdelek\/crn-siv-oranzen-bombazen-ombre-sal-bitcoin\/#breadcrumb\",\"itemListElement\":[{\"@type\":\"ListItem\",\"position\":1,\"name\":\"Home\",\"item\":\"https:\/\/zivazanka.com\/sl\/zivazanka-com-sl\/\"},{\"@type\":\"ListItem\",\"position\":2,\"name\":\"Trgovina\",\"item\":\"https:\/\/zivazanka.com\/sl\/trgovina\/\"},{\"@type\":\"ListItem\",\"position\":3,\"name\":\"\u010crna, siva &amp; oran\u017ena ombre bomba\u017ena ruta Bitcoin\"}]},{\"@type\":\"WebSite\",\"@id\":\"https:\/\/zivazanka.com\/sl\/#website\",\"url\":\"https:\/\/zivazanka.com\/sl\/\",\"name\":\"\u017dIVAZANKA HANDMADE\",\"description\":\"Modni dodatki\",\"publisher\":{\"@id\":\"https:\/\/zivazanka.com\/sl\/#organization\"},\"potentialAction\":[{\"@type\":\"SearchAction\",\"target\":{\"@type\":\"EntryPoint\",\"urlTemplate\":\"https:\/\/zivazanka.com\/sl\/?s={search_term_string}\"},\"query-input\":{\"@type\":\"PropertyValueSpecification\",\"valueRequired\":true,\"valueName\":\"search_term_string\"}}],\"inLanguage\":\"sl-SI\"},{\"@type\":\"Organization\",\"@id\":\"https:\/\/zivazanka.com\/sl\/#organization\",\"name\":\"\u017diva Petrov\u010di\u010d o.d.d.\",\"url\":\"https:\/\/zivazanka.com\/sl\/\",\"logo\":{\"@type\":\"ImageObject\",\"inLanguage\":\"sl-SI\",\"@id\":\"https:\/\/zivazanka.com\/sl\/#\/schema\/logo\/image\/\",\"url\":\"http:\/\/ziva.lightning.si\/wp-content\/uploads\/2023\/03\/stisnjen-s-tinypng.com-2013-Ziva-Zanka-Logo-ZIVA-BW-200x200pix.jpg\",\"contentUrl\":\"http:\/\/ziva.lightning.si\/wp-content\/uploads\/2023\/03\/stisnjen-s-tinypng.com-2013-Ziva-Zanka-Logo-ZIVA-BW-200x200pix.jpg\",\"width\":200,\"height\":200,\"caption\":\"\u017diva Petrov\u010di\u010d o.d.d.\"},\"image\":{\"@id\":\"https:\/\/zivazanka.com\/sl\/#\/schema\/logo\/image\/\"},\"sameAs\":[\"https:\/\/x.com\/ZivaZanka\"]}]}<\/script>\n<!-- \/ Yoast SEO plugin. -->","yoast_head_json":{"title":"\u010crna, siva &amp; oran\u017ena ombre bomba\u017ena ruta Bitcoin | \u017dIVAZANKA HANDMADE","description":"\u010ce si bitcoiner\/-ka in bi \u017eelel\/-a nositi svoj unikaten \u0161al Bitcoin, si na pravem mestu. :)","robots":{"index":"index","follow":"follow","max-snippet":"max-snippet:-1","max-image-preview":"max-image-preview:large","max-video-preview":"max-video-preview:-1"},"canonical":"https:\/\/zivazanka.com\/sl\/izdelek\/crn-siv-oranzen-bombazen-ombre-sal-bitcoin\/","og_locale":"sl_SI","og_type":"article","og_title":"\u010crna, siva &amp; oran\u017ena ombre bomba\u017ena ruta Bitcoin | \u017dIVAZANKA HANDMADE","og_description":"\u010ce si bitcoiner\/-ka in bi \u017eelel\/-a nositi svoj unikaten \u0161al Bitcoin, si na pravem mestu. :)","og_url":"https:\/\/zivazanka.com\/sl\/izdelek\/crn-siv-oranzen-bombazen-ombre-sal-bitcoin\/","og_site_name":"\u017dIVAZANKA HANDMADE","article_modified_time":"2026-01-25T15:11:52+00:00","og_image":[{"width":1000,"height":800,"url":"https:\/\/zivazanka.com\/wp-content\/uploads\/2025\/04\/Black-Gray-Orange-Bitcoin-Ombre-Shawl-right.png","type":"image\/png"}],"twitter_card":"summary_large_image","twitter_site":"@ZivaZanka","schema":{"@context":"https:\/\/schema.org","@graph":[{"@type":"WebPage","@id":"https:\/\/zivazanka.com\/sl\/izdelek\/crn-siv-oranzen-bombazen-ombre-sal-bitcoin\/","url":"https:\/\/zivazanka.com\/sl\/izdelek\/crn-siv-oranzen-bombazen-ombre-sal-bitcoin\/","name":"\u010crna, siva &amp; oran\u017ena ombre bomba\u017ena ruta Bitcoin | \u017dIVAZANKA HANDMADE","isPartOf":{"@id":"https:\/\/zivazanka.com\/sl\/#website"},"primaryImageOfPage":{"@id":"https:\/\/zivazanka.com\/sl\/izdelek\/crn-siv-oranzen-bombazen-ombre-sal-bitcoin\/#primaryimage"},"image":{"@id":"https:\/\/zivazanka.com\/sl\/izdelek\/crn-siv-oranzen-bombazen-ombre-sal-bitcoin\/#primaryimage"},"thumbnailUrl":"https:\/\/zivazanka.com\/wp-content\/uploads\/2025\/04\/Black-Gray-Orange-Bitcoin-Ombre-Shawl-right.png","datePublished":"2025-04-19T10:22:53+00:00","dateModified":"2026-01-25T15:11:52+00:00","description":"\u010ce si bitcoiner\/-ka in bi \u017eelel\/-a nositi svoj unikaten \u0161al Bitcoin, si na pravem mestu. :)","breadcrumb":{"@id":"https:\/\/zivazanka.com\/sl\/izdelek\/crn-siv-oranzen-bombazen-ombre-sal-bitcoin\/#breadcrumb"},"inLanguage":"sl-SI","potentialAction":[{"@type":"ReadAction","target":["https:\/\/zivazanka.com\/sl\/izdelek\/crn-siv-oranzen-bombazen-ombre-sal-bitcoin\/"]}]},{"@type":"ImageObject","inLanguage":"sl-SI","@id":"https:\/\/zivazanka.com\/sl\/izdelek\/crn-siv-oranzen-bombazen-ombre-sal-bitcoin\/#primaryimage","url":"https:\/\/zivazanka.com\/wp-content\/uploads\/2025\/04\/Black-Gray-Orange-Bitcoin-Ombre-Shawl-right.png","contentUrl":"https:\/\/zivazanka.com\/wp-content\/uploads\/2025\/04\/Black-Gray-Orange-Bitcoin-Ombre-Shawl-right.png","width":1000,"height":800},{"@type":"BreadcrumbList","@id":"https:\/\/zivazanka.com\/sl\/izdelek\/crn-siv-oranzen-bombazen-ombre-sal-bitcoin\/#breadcrumb","itemListElement":[{"@type":"ListItem","position":1,"name":"Home","item":"https:\/\/zivazanka.com\/sl\/zivazanka-com-sl\/"},{"@type":"ListItem","position":2,"name":"Trgovina","item":"https:\/\/zivazanka.com\/sl\/trgovina\/"},{"@type":"ListItem","position":3,"name":"\u010crna, siva &amp; oran\u017ena ombre bomba\u017ena ruta Bitcoin"}]},{"@type":"WebSite","@id":"https:\/\/zivazanka.com\/sl\/#website","url":"https:\/\/zivazanka.com\/sl\/","name":"\u017dIVAZANKA HANDMADE","description":"Modni dodatki","publisher":{"@id":"https:\/\/zivazanka.com\/sl\/#organization"},"potentialAction":[{"@type":"SearchAction","target":{"@type":"EntryPoint","urlTemplate":"https:\/\/zivazanka.com\/sl\/?s={search_term_string}"},"query-input":{"@type":"PropertyValueSpecification","valueRequired":true,"valueName":"search_term_string"}}],"inLanguage":"sl-SI"},{"@type":"Organization","@id":"https:\/\/zivazanka.com\/sl\/#organization","name":"\u017diva Petrov\u010di\u010d o.d.d.","url":"https:\/\/zivazanka.com\/sl\/","logo":{"@type":"ImageObject","inLanguage":"sl-SI","@id":"https:\/\/zivazanka.com\/sl\/#\/schema\/logo\/image\/","url":"http:\/\/ziva.lightning.si\/wp-content\/uploads\/2023\/03\/stisnjen-s-tinypng.com-2013-Ziva-Zanka-Logo-ZIVA-BW-200x200pix.jpg","contentUrl":"http:\/\/ziva.lightning.si\/wp-content\/uploads\/2023\/03\/stisnjen-s-tinypng.com-2013-Ziva-Zanka-Logo-ZIVA-BW-200x200pix.jpg","width":200,"height":200,"caption":"\u017diva Petrov\u010di\u010d o.d.d."},"image":{"@id":"https:\/\/zivazanka.com\/sl\/#\/schema\/logo\/image\/"},"sameAs":["https:\/\/x.com\/ZivaZanka"]}]}},"_links":{"self":[{"href":"https:\/\/zivazanka.com\/sl\/wp-json\/wp\/v2\/product\/4218","targetHints":{"allow":["GET"]}}],"collection":[{"href":"https:\/\/zivazanka.com\/sl\/wp-json\/wp\/v2\/product"}],"about":[{"href":"https:\/\/zivazanka.com\/sl\/wp-json\/wp\/v2\/types\/product"}],"wp:featuredmedia":[{"embeddable":true,"href":"https:\/\/zivazanka.com\/sl\/wp-json\/wp\/v2\/media\/4227"}],"wp:attachment":[{"href":"https:\/\/zivazanka.com\/sl\/wp-json\/wp\/v2\/media?parent=4218"}],"wp:term":[{"taxonomy":"product_brand","embeddable":true,"href":"https:\/\/zivazanka.com\/sl\/wp-json\/wp\/v2\/product_brand?post=4218"},{"taxonomy":"product_cat","embeddable":true,"href":"https:\/\/zivazanka.com\/sl\/wp-json\/wp\/v2\/product_cat?post=4218"},{"taxonomy":"product_tag","embeddable":true,"href":"https:\/\/zivazanka.com\/sl\/wp-json\/wp\/v2\/product_tag?post=4218"}],"curies":[{"name":"wp","href":"https:\/\/api.w.org\/{rel}","templated":true}]}}