{"id":4445,"date":"2026-01-21T11:51:38","date_gmt":"2026-01-21T11:51:38","guid":{"rendered":"https:\/\/zivazanka.com\/?post_type=product&#038;p=4445"},"modified":"2026-01-22T09:02:54","modified_gmt":"2026-01-22T09:02:54","slug":"siva-klasicna-kapa-dao-organska","status":"publish","type":"product","link":"https:\/\/zivazanka.com\/sl\/izdelek\/siva-klasicna-kapa-dao-organska\/","title":{"rendered":"Siva klasi\u010dna kapa Dao iz organske volne"},"content":{"rendered":"<p>Ta klasi\u010dna kapa s kitajsko pismenko Dao \u9053 je popoln dodatek za nekoga, ki ga zanimajo azijske filozofije (oziroma zlasti daoisti\u010dna) in samokultivacija, kot so meditacija, kung fu, qigong, notranja alkimija itd.<\/p>\n<p>Je raztegljiva, udobna, mehka in topla. Lahko jo kombiniramo z razli\u010dnimi zimskimi obla\u010dili in je enostavna za vzdr\u017eevanje. <\/p>\n<p>To je lahko tudi dobro darilo za va\u0161e prijatelje, sodelavce ali dru\u017einske \u010dlane. Predstavlja namre\u010d darilo, ki je bolj osebno, saj je ro\u010dno izdelano. Obenem pa je tudi redko, pomensko, prakti\u010dno in kakovostno.  <\/p>\n<p>===== Materiali =====<\/p>\n<p>Ro\u010dno je izdelana iz mehke 100% organske volnene preje s certifikatom GOTS v ogljeno sivi in beli barvi.<\/p>\n<p>===== Velikost \/ Mere =====<\/p>\n<p>Velikost, ki ustreza ve\u010dini (One Size Fits Most)<\/p>\n<p>Obseg glave: 58\u201362 cm<br \/>\nDol\u017eina: 22 cm<\/p>\n<p>===== Navodila za vzdr\u017eevanje =====<\/p>\n<p>Priporo\u010deno je ro\u010dno pranje. Uporabljajte samo detergent za volno. Ne su\u0161ite v su\u0161ilcu. Polo\u017eite na vodoravno povr\u0161ino in posu\u0161ite. Ne likajte.<\/p>\n","protected":false},"excerpt":{"rendered":"<p>&nbsp;<\/p>\n<ul>\n<li>za \u017eenske ali mo\u0161ke<\/li>\n<li>ro\u010dno izdelana in unikatna<\/li>\n<li>iz mehke 100% organske volnene preje (GOTS)<\/li>\n<li>pralna (ro\u010dno)<\/li>\n<li>udobna za no\u0161enje<\/li>\n<li>bolj osebno, pomensko, uporabno in kakovostno darilo<\/li>\n<\/ul>\n","protected":false},"featured_media":4556,"template":"","meta":{"site-sidebar-layout":"default","site-content-layout":"default","ast-site-content-layout":"default","site-content-style":"default","site-sidebar-style":"default","ast-global-header-display":"","ast-banner-title-visibility":"","ast-main-header-display":"","ast-hfb-above-header-display":"","ast-hfb-below-header-display":"","ast-hfb-mobile-header-display":"","site-post-title":"","ast-breadcrumbs-content":"","ast-featured-img":"","footer-sml-layout":"","ast-disable-related-posts":"","theme-transparent-header-meta":"default","adv-header-id-meta":"","stick-header-meta":"","header-above-stick-meta":"","header-main-stick-meta":"","header-below-stick-meta":"","astra-migrate-meta-layouts":"set","ast-page-background-enabled":"default","ast-page-background-meta":{"desktop":{"background-color":"","background-image":"","background-repeat":"repeat","background-position":"center center","background-size":"auto","background-attachment":"scroll","background-type":"","background-media":"","overlay-type":"","overlay-color":"","overlay-opacity":"","overlay-gradient":""},"tablet":{"background-color":"","background-image":"","background-repeat":"repeat","background-position":"center center","background-size":"auto","background-attachment":"scroll","background-type":"","background-media":"","overlay-type":"","overlay-color":"","overlay-opacity":"","overlay-gradient":""},"mobile":{"background-color":"","background-image":"","background-repeat":"repeat","background-position":"center center","background-size":"auto","background-attachment":"scroll","background-type":"","background-media":"","overlay-type":"","overlay-color":"","overlay-opacity":"","overlay-gradient":""}},"ast-content-background-meta":{"desktop":{"background-color":"var(--ast-global-color-5)","background-image":"","background-repeat":"repeat","background-position":"center center","background-size":"auto","background-attachment":"scroll","background-type":"","background-media":"","overlay-type":"","overlay-color":"","overlay-opacity":"","overlay-gradient":""},"tablet":{"background-color":"var(--ast-global-color-5)","background-image":"","background-repeat":"repeat","background-position":"center center","background-size":"auto","background-attachment":"scroll","background-type":"","background-media":"","overlay-type":"","overlay-color":"","overlay-opacity":"","overlay-gradient":""},"mobile":{"background-color":"var(--ast-global-color-5)","background-image":"","background-repeat":"repeat","background-position":"center center","background-size":"auto","background-attachment":"scroll","background-type":"","background-media":"","overlay-type":"","overlay-color":"","overlay-opacity":"","overlay-gradient":""}}},"product_brand":[],"product_cat":[91],"product_tag":[],"class_list":{"0":"post-4445","1":"product","2":"type-product","3":"status-publish","4":"has-post-thumbnail","6":"product_cat-tematska-kolekcija-samokultivacija-filozofija","7":"desktop-align-left","8":"tablet-align-left","9":"mobile-align-left","11":"first","12":"instock","13":"featured","14":"shipping-taxable","15":"purchasable","16":"product-type-simple"},"yoast_head":"<!-- This site is optimized with the Yoast SEO plugin v27.2 - https:\/\/yoast.com\/product\/yoast-seo-wordpress\/ -->\n<title>Siva klasi\u010dna kapa Dao iz organske volne | \u017dIVAZANKA HANDMADE<\/title>\n<meta name=\"description\" content=\"\u010ce \u017eeli\u0161 nositi unikatno kapo Dao znamke \u017divaZanka Handmade, si na pravem mestu. :)\" \/>\n<meta name=\"robots\" content=\"index, follow, max-snippet:-1, max-image-preview:large, max-video-preview:-1\" \/>\n<link rel=\"canonical\" href=\"https:\/\/zivazanka.com\/sl\/izdelek\/siva-klasicna-kapa-dao-organska\/\" \/>\n<meta property=\"og:locale\" content=\"sl_SI\" \/>\n<meta property=\"og:type\" content=\"article\" \/>\n<meta property=\"og:title\" content=\"Siva klasi\u010dna kapa Dao iz organske volne | \u017dIVAZANKA HANDMADE\" \/>\n<meta property=\"og:description\" content=\"\u010ce \u017eeli\u0161 nositi unikatno kapo Dao znamke \u017divaZanka Handmade, si na pravem mestu. :)\" \/>\n<meta property=\"og:url\" content=\"https:\/\/zivazanka.com\/sl\/izdelek\/siva-klasicna-kapa-dao-organska\/\" \/>\n<meta property=\"og:site_name\" content=\"\u017dIVAZANKA HANDMADE\" \/>\n<meta property=\"article:modified_time\" content=\"2026-01-22T09:02:54+00:00\" \/>\n<meta property=\"og:image\" content=\"https:\/\/zivazanka.com\/wp-content\/uploads\/2026\/01\/GridArt_20251128_101506851.png\" \/>\n\t<meta property=\"og:image:width\" content=\"600\" \/>\n\t<meta property=\"og:image:height\" content=\"480\" \/>\n\t<meta property=\"og:image:type\" content=\"image\/png\" \/>\n<meta name=\"twitter:card\" content=\"summary_large_image\" \/>\n<meta name=\"twitter:site\" content=\"@ZivaZanka\" \/>\n<script type=\"application\/ld+json\" class=\"yoast-schema-graph\">{\"@context\":\"https:\/\/schema.org\",\"@graph\":[{\"@type\":\"WebPage\",\"@id\":\"https:\/\/zivazanka.com\/sl\/izdelek\/siva-klasicna-kapa-dao-organska\/\",\"url\":\"https:\/\/zivazanka.com\/sl\/izdelek\/siva-klasicna-kapa-dao-organska\/\",\"name\":\"Siva klasi\u010dna kapa Dao iz organske volne | \u017dIVAZANKA HANDMADE\",\"isPartOf\":{\"@id\":\"https:\/\/zivazanka.com\/sl\/#website\"},\"primaryImageOfPage\":{\"@id\":\"https:\/\/zivazanka.com\/sl\/izdelek\/siva-klasicna-kapa-dao-organska\/#primaryimage\"},\"image\":{\"@id\":\"https:\/\/zivazanka.com\/sl\/izdelek\/siva-klasicna-kapa-dao-organska\/#primaryimage\"},\"thumbnailUrl\":\"https:\/\/zivazanka.com\/wp-content\/uploads\/2026\/01\/GridArt_20251128_101506851-1-1.png\",\"datePublished\":\"2026-01-21T11:51:38+00:00\",\"dateModified\":\"2026-01-22T09:02:54+00:00\",\"description\":\"\u010ce \u017eeli\u0161 nositi unikatno kapo Dao znamke \u017divaZanka Handmade, si na pravem mestu. :)\",\"breadcrumb\":{\"@id\":\"https:\/\/zivazanka.com\/sl\/izdelek\/siva-klasicna-kapa-dao-organska\/#breadcrumb\"},\"inLanguage\":\"sl-SI\",\"potentialAction\":[{\"@type\":\"ReadAction\",\"target\":[\"https:\/\/zivazanka.com\/sl\/izdelek\/siva-klasicna-kapa-dao-organska\/\"]}]},{\"@type\":\"ImageObject\",\"inLanguage\":\"sl-SI\",\"@id\":\"https:\/\/zivazanka.com\/sl\/izdelek\/siva-klasicna-kapa-dao-organska\/#primaryimage\",\"url\":\"https:\/\/zivazanka.com\/wp-content\/uploads\/2026\/01\/GridArt_20251128_101506851-1-1.png\",\"contentUrl\":\"https:\/\/zivazanka.com\/wp-content\/uploads\/2026\/01\/GridArt_20251128_101506851-1-1.png\",\"width\":1200,\"height\":960},{\"@type\":\"BreadcrumbList\",\"@id\":\"https:\/\/zivazanka.com\/sl\/izdelek\/siva-klasicna-kapa-dao-organska\/#breadcrumb\",\"itemListElement\":[{\"@type\":\"ListItem\",\"position\":1,\"name\":\"Home\",\"item\":\"https:\/\/zivazanka.com\/sl\/zivazanka-com-sl\/\"},{\"@type\":\"ListItem\",\"position\":2,\"name\":\"Trgovina\",\"item\":\"https:\/\/zivazanka.com\/sl\/trgovina\/\"},{\"@type\":\"ListItem\",\"position\":3,\"name\":\"Siva klasi\u010dna kapa Dao iz organske volne\"}]},{\"@type\":\"WebSite\",\"@id\":\"https:\/\/zivazanka.com\/sl\/#website\",\"url\":\"https:\/\/zivazanka.com\/sl\/\",\"name\":\"\u017dIVAZANKA HANDMADE\",\"description\":\"Modni dodatki\",\"publisher\":{\"@id\":\"https:\/\/zivazanka.com\/sl\/#organization\"},\"potentialAction\":[{\"@type\":\"SearchAction\",\"target\":{\"@type\":\"EntryPoint\",\"urlTemplate\":\"https:\/\/zivazanka.com\/sl\/?s={search_term_string}\"},\"query-input\":{\"@type\":\"PropertyValueSpecification\",\"valueRequired\":true,\"valueName\":\"search_term_string\"}}],\"inLanguage\":\"sl-SI\"},{\"@type\":\"Organization\",\"@id\":\"https:\/\/zivazanka.com\/sl\/#organization\",\"name\":\"\u017diva Petrov\u010di\u010d o.d.d.\",\"url\":\"https:\/\/zivazanka.com\/sl\/\",\"logo\":{\"@type\":\"ImageObject\",\"inLanguage\":\"sl-SI\",\"@id\":\"https:\/\/zivazanka.com\/sl\/#\/schema\/logo\/image\/\",\"url\":\"http:\/\/ziva.lightning.si\/wp-content\/uploads\/2023\/03\/stisnjen-s-tinypng.com-2013-Ziva-Zanka-Logo-ZIVA-BW-200x200pix.jpg\",\"contentUrl\":\"http:\/\/ziva.lightning.si\/wp-content\/uploads\/2023\/03\/stisnjen-s-tinypng.com-2013-Ziva-Zanka-Logo-ZIVA-BW-200x200pix.jpg\",\"width\":200,\"height\":200,\"caption\":\"\u017diva Petrov\u010di\u010d o.d.d.\"},\"image\":{\"@id\":\"https:\/\/zivazanka.com\/sl\/#\/schema\/logo\/image\/\"},\"sameAs\":[\"https:\/\/x.com\/ZivaZanka\"]}]}<\/script>\n<!-- \/ Yoast SEO plugin. -->","yoast_head_json":{"title":"Siva klasi\u010dna kapa Dao iz organske volne | \u017dIVAZANKA HANDMADE","description":"\u010ce \u017eeli\u0161 nositi unikatno kapo Dao znamke \u017divaZanka Handmade, si na pravem mestu. :)","robots":{"index":"index","follow":"follow","max-snippet":"max-snippet:-1","max-image-preview":"max-image-preview:large","max-video-preview":"max-video-preview:-1"},"canonical":"https:\/\/zivazanka.com\/sl\/izdelek\/siva-klasicna-kapa-dao-organska\/","og_locale":"sl_SI","og_type":"article","og_title":"Siva klasi\u010dna kapa Dao iz organske volne | \u017dIVAZANKA HANDMADE","og_description":"\u010ce \u017eeli\u0161 nositi unikatno kapo Dao znamke \u017divaZanka Handmade, si na pravem mestu. :)","og_url":"https:\/\/zivazanka.com\/sl\/izdelek\/siva-klasicna-kapa-dao-organska\/","og_site_name":"\u017dIVAZANKA HANDMADE","article_modified_time":"2026-01-22T09:02:54+00:00","og_image":[{"width":600,"height":480,"url":"https:\/\/zivazanka.com\/wp-content\/uploads\/2026\/01\/GridArt_20251128_101506851.png","type":"image\/png"}],"twitter_card":"summary_large_image","twitter_site":"@ZivaZanka","schema":{"@context":"https:\/\/schema.org","@graph":[{"@type":"WebPage","@id":"https:\/\/zivazanka.com\/sl\/izdelek\/siva-klasicna-kapa-dao-organska\/","url":"https:\/\/zivazanka.com\/sl\/izdelek\/siva-klasicna-kapa-dao-organska\/","name":"Siva klasi\u010dna kapa Dao iz organske volne | \u017dIVAZANKA HANDMADE","isPartOf":{"@id":"https:\/\/zivazanka.com\/sl\/#website"},"primaryImageOfPage":{"@id":"https:\/\/zivazanka.com\/sl\/izdelek\/siva-klasicna-kapa-dao-organska\/#primaryimage"},"image":{"@id":"https:\/\/zivazanka.com\/sl\/izdelek\/siva-klasicna-kapa-dao-organska\/#primaryimage"},"thumbnailUrl":"https:\/\/zivazanka.com\/wp-content\/uploads\/2026\/01\/GridArt_20251128_101506851-1-1.png","datePublished":"2026-01-21T11:51:38+00:00","dateModified":"2026-01-22T09:02:54+00:00","description":"\u010ce \u017eeli\u0161 nositi unikatno kapo Dao znamke \u017divaZanka Handmade, si na pravem mestu. :)","breadcrumb":{"@id":"https:\/\/zivazanka.com\/sl\/izdelek\/siva-klasicna-kapa-dao-organska\/#breadcrumb"},"inLanguage":"sl-SI","potentialAction":[{"@type":"ReadAction","target":["https:\/\/zivazanka.com\/sl\/izdelek\/siva-klasicna-kapa-dao-organska\/"]}]},{"@type":"ImageObject","inLanguage":"sl-SI","@id":"https:\/\/zivazanka.com\/sl\/izdelek\/siva-klasicna-kapa-dao-organska\/#primaryimage","url":"https:\/\/zivazanka.com\/wp-content\/uploads\/2026\/01\/GridArt_20251128_101506851-1-1.png","contentUrl":"https:\/\/zivazanka.com\/wp-content\/uploads\/2026\/01\/GridArt_20251128_101506851-1-1.png","width":1200,"height":960},{"@type":"BreadcrumbList","@id":"https:\/\/zivazanka.com\/sl\/izdelek\/siva-klasicna-kapa-dao-organska\/#breadcrumb","itemListElement":[{"@type":"ListItem","position":1,"name":"Home","item":"https:\/\/zivazanka.com\/sl\/zivazanka-com-sl\/"},{"@type":"ListItem","position":2,"name":"Trgovina","item":"https:\/\/zivazanka.com\/sl\/trgovina\/"},{"@type":"ListItem","position":3,"name":"Siva klasi\u010dna kapa Dao iz organske volne"}]},{"@type":"WebSite","@id":"https:\/\/zivazanka.com\/sl\/#website","url":"https:\/\/zivazanka.com\/sl\/","name":"\u017dIVAZANKA HANDMADE","description":"Modni dodatki","publisher":{"@id":"https:\/\/zivazanka.com\/sl\/#organization"},"potentialAction":[{"@type":"SearchAction","target":{"@type":"EntryPoint","urlTemplate":"https:\/\/zivazanka.com\/sl\/?s={search_term_string}"},"query-input":{"@type":"PropertyValueSpecification","valueRequired":true,"valueName":"search_term_string"}}],"inLanguage":"sl-SI"},{"@type":"Organization","@id":"https:\/\/zivazanka.com\/sl\/#organization","name":"\u017diva Petrov\u010di\u010d o.d.d.","url":"https:\/\/zivazanka.com\/sl\/","logo":{"@type":"ImageObject","inLanguage":"sl-SI","@id":"https:\/\/zivazanka.com\/sl\/#\/schema\/logo\/image\/","url":"http:\/\/ziva.lightning.si\/wp-content\/uploads\/2023\/03\/stisnjen-s-tinypng.com-2013-Ziva-Zanka-Logo-ZIVA-BW-200x200pix.jpg","contentUrl":"http:\/\/ziva.lightning.si\/wp-content\/uploads\/2023\/03\/stisnjen-s-tinypng.com-2013-Ziva-Zanka-Logo-ZIVA-BW-200x200pix.jpg","width":200,"height":200,"caption":"\u017diva Petrov\u010di\u010d o.d.d."},"image":{"@id":"https:\/\/zivazanka.com\/sl\/#\/schema\/logo\/image\/"},"sameAs":["https:\/\/x.com\/ZivaZanka"]}]}},"_links":{"self":[{"href":"https:\/\/zivazanka.com\/sl\/wp-json\/wp\/v2\/product\/4445","targetHints":{"allow":["GET"]}}],"collection":[{"href":"https:\/\/zivazanka.com\/sl\/wp-json\/wp\/v2\/product"}],"about":[{"href":"https:\/\/zivazanka.com\/sl\/wp-json\/wp\/v2\/types\/product"}],"wp:featuredmedia":[{"embeddable":true,"href":"https:\/\/zivazanka.com\/sl\/wp-json\/wp\/v2\/media\/4556"}],"wp:attachment":[{"href":"https:\/\/zivazanka.com\/sl\/wp-json\/wp\/v2\/media?parent=4445"}],"wp:term":[{"taxonomy":"product_brand","embeddable":true,"href":"https:\/\/zivazanka.com\/sl\/wp-json\/wp\/v2\/product_brand?post=4445"},{"taxonomy":"product_cat","embeddable":true,"href":"https:\/\/zivazanka.com\/sl\/wp-json\/wp\/v2\/product_cat?post=4445"},{"taxonomy":"product_tag","embeddable":true,"href":"https:\/\/zivazanka.com\/sl\/wp-json\/wp\/v2\/product_tag?post=4445"}],"curies":[{"name":"wp","href":"https:\/\/api.w.org\/{rel}","templated":true}]}}