{"id":4504,"date":"2026-01-26T16:58:41","date_gmt":"2026-01-26T16:58:41","guid":{"rendered":"https:\/\/zivazanka.com\/?post_type=product&#038;p=4504"},"modified":"2026-01-27T17:51:42","modified_gmt":"2026-01-27T17:51:42","slug":"roznato-zlat-vecnamenski-sal-ovratnik-metallic","status":"publish","type":"product","link":"https:\/\/zivazanka.com\/sl\/izdelek\/roznato-zlat-vecnamenski-sal-ovratnik-metallic\/","title":{"rendered":"Temno ro\u017enato zlat ve\u010dnamenski \u0161al ovratnik z metalnim u\u010dinkom"},"content":{"rendered":"<p>To je \u0161al ovratnik tipa 2 v 1 z dvema razli\u010dnima videzoma glede na to, na katero stran ga obrnete. Nosite ga lahko na ve\u010d na\u010dinov, v zaprtih prostorih in na prostem, podnevi in zve\u010der. Lahko si ga ogrnete okoli ramen, zavijete okoli vratu enkrat ali dvakrat (odvisno od \u017eelene toplote) ali pa ga raztegnete \u010dez glavo kot kapuco. Zelo je mehak, prijeten in lahek.<\/p>\n<p><span style=\"font-size: 16px;\">To je statement modni dodatek zaradi svoje vsestranskosti in kombinacije minimalisti\u010dnega vzorca ter mre\u017eastega blaga z metalnim sijajem, ki ustvari videz brez\u010dasne elegance. <\/span>Primeren je za praznovanja in dogodke ali za vsakodnevno no\u0161enje, in sicer zlasti od jeseni do pomladi.<\/p>\n<p>To je lahko tudi dobro darilo za va\u0161e prijatelje, sodelavce ali dru\u017einske \u010dlane. Predstavlja namre\u010d darilo, ki je bolj osebno, saj je ro\u010dno izdelano. Obenem pa je tudi redko, pomensko, prakti\u010dno in kakovostno.<\/p>\n<p>===== Materiali =====<\/p>\n<p>Ro\u010dno je bil izdelan iz mehke preje iz volnene me\u0161anice s certifikatom Oeko-Tex (70 % poliamid, 21 % akril, 9 % volna) v temno ro\u017enato zlati barvi s kovinskim u\u010dinkom.<\/p>\n<p>===== Velikost \/ Mere =====<\/p>\n<p>Obseg: 130 cm<br \/>\n\u0160irina: 40 cm<\/p>\n<p>===== Navodila za vzdr\u017eevanje =====<\/p>\n<p>Priporo\u010deno je ro\u010dno pranje. Ne su\u0161ite v su\u0161ilcu. Polo\u017eite na vodoravno povr\u0161ino in posu\u0161ite. Ne likajte.<\/p>\n","protected":false},"excerpt":{"rendered":"<p>&nbsp;<\/p>\n<ul>\n<li>ro\u010dno izdelano in unikatno<\/li>\n<li>iz mehke preje iz volnene me\u0161anice (Oeko-Tex)<\/li>\n<li>pralno (ro\u010dno)<\/li>\n<li>udobno za no\u0161enje<\/li>\n<li>bolj osebno, pomensko, uporabno, kakovostno darilo<\/li>\n<\/ul>\n<p>&nbsp;<\/p>\n<p>&nbsp;<\/p>\n","protected":false},"featured_media":4531,"template":"","meta":{"site-sidebar-layout":"default","site-content-layout":"default","ast-site-content-layout":"default","site-content-style":"default","site-sidebar-style":"default","ast-global-header-display":"","ast-banner-title-visibility":"","ast-main-header-display":"","ast-hfb-above-header-display":"","ast-hfb-below-header-display":"","ast-hfb-mobile-header-display":"","site-post-title":"","ast-breadcrumbs-content":"","ast-featured-img":"","footer-sml-layout":"","ast-disable-related-posts":"","theme-transparent-header-meta":"default","adv-header-id-meta":"","stick-header-meta":"","header-above-stick-meta":"","header-main-stick-meta":"","header-below-stick-meta":"","astra-migrate-meta-layouts":"set","ast-page-background-enabled":"default","ast-page-background-meta":{"desktop":{"background-color":"","background-image":"","background-repeat":"repeat","background-position":"center center","background-size":"auto","background-attachment":"scroll","background-type":"","background-media":"","overlay-type":"","overlay-color":"","overlay-opacity":"","overlay-gradient":""},"tablet":{"background-color":"","background-image":"","background-repeat":"repeat","background-position":"center center","background-size":"auto","background-attachment":"scroll","background-type":"","background-media":"","overlay-type":"","overlay-color":"","overlay-opacity":"","overlay-gradient":""},"mobile":{"background-color":"","background-image":"","background-repeat":"repeat","background-position":"center center","background-size":"auto","background-attachment":"scroll","background-type":"","background-media":"","overlay-type":"","overlay-color":"","overlay-opacity":"","overlay-gradient":""}},"ast-content-background-meta":{"desktop":{"background-color":"var(--ast-global-color-5)","background-image":"","background-repeat":"repeat","background-position":"center center","background-size":"auto","background-attachment":"scroll","background-type":"","background-media":"","overlay-type":"","overlay-color":"","overlay-opacity":"","overlay-gradient":""},"tablet":{"background-color":"var(--ast-global-color-5)","background-image":"","background-repeat":"repeat","background-position":"center center","background-size":"auto","background-attachment":"scroll","background-type":"","background-media":"","overlay-type":"","overlay-color":"","overlay-opacity":"","overlay-gradient":""},"mobile":{"background-color":"var(--ast-global-color-5)","background-image":"","background-repeat":"repeat","background-position":"center center","background-size":"auto","background-attachment":"scroll","background-type":"","background-media":"","overlay-type":"","overlay-color":"","overlay-opacity":"","overlay-gradient":""}}},"product_brand":[],"product_cat":[89],"product_tag":[],"class_list":{"0":"post-4504","1":"product","2":"type-product","3":"status-publish","4":"has-post-thumbnail","6":"product_cat-dodatki-day-to-night","7":"desktop-align-left","8":"tablet-align-left","9":"mobile-align-left","11":"first","12":"instock","13":"featured","14":"shipping-taxable","15":"purchasable","16":"product-type-simple"},"yoast_head":"<!-- This site is optimized with the Yoast SEO plugin v27.2 - https:\/\/yoast.com\/product\/yoast-seo-wordpress\/ -->\n<title>Temno ro\u017enato zlat ve\u010dnamenski \u0161al ovratnik z metalnim u\u010dinkom | \u017dIVAZANKA HANDMADE<\/title>\n<meta name=\"description\" content=\"\u010ce \u017eeli\u0161 nositi svoj unikaten \u0161al znamke \u017divaZanka Handmade, si na pravem mestu. :)\" \/>\n<meta name=\"robots\" content=\"index, follow, max-snippet:-1, max-image-preview:large, max-video-preview:-1\" \/>\n<link rel=\"canonical\" href=\"https:\/\/zivazanka.com\/sl\/izdelek\/roznato-zlat-vecnamenski-sal-ovratnik-metallic\/\" \/>\n<meta property=\"og:locale\" content=\"sl_SI\" \/>\n<meta property=\"og:type\" content=\"article\" \/>\n<meta property=\"og:title\" content=\"Temno ro\u017enato zlat ve\u010dnamenski \u0161al ovratnik z metalnim u\u010dinkom | \u017dIVAZANKA HANDMADE\" \/>\n<meta property=\"og:description\" content=\"\u010ce \u017eeli\u0161 nositi svoj unikaten \u0161al znamke \u017divaZanka Handmade, si na pravem mestu. :)\" \/>\n<meta property=\"og:url\" content=\"https:\/\/zivazanka.com\/sl\/izdelek\/roznato-zlat-vecnamenski-sal-ovratnik-metallic\/\" \/>\n<meta property=\"og:site_name\" content=\"\u017dIVAZANKA HANDMADE\" \/>\n<meta property=\"article:modified_time\" content=\"2026-01-27T17:51:42+00:00\" \/>\n<meta property=\"og:image\" content=\"https:\/\/zivazanka.com\/wp-content\/uploads\/2026\/01\/1000015176-1.jpg\" \/>\n\t<meta property=\"og:image:width\" content=\"1100\" \/>\n\t<meta property=\"og:image:height\" content=\"880\" \/>\n\t<meta property=\"og:image:type\" content=\"image\/jpeg\" \/>\n<meta name=\"twitter:card\" content=\"summary_large_image\" \/>\n<meta name=\"twitter:site\" content=\"@ZivaZanka\" \/>\n<script type=\"application\/ld+json\" class=\"yoast-schema-graph\">{\"@context\":\"https:\/\/schema.org\",\"@graph\":[{\"@type\":\"WebPage\",\"@id\":\"https:\/\/zivazanka.com\/sl\/izdelek\/roznato-zlat-vecnamenski-sal-ovratnik-metallic\/\",\"url\":\"https:\/\/zivazanka.com\/sl\/izdelek\/roznato-zlat-vecnamenski-sal-ovratnik-metallic\/\",\"name\":\"Temno ro\u017enato zlat ve\u010dnamenski \u0161al ovratnik z metalnim u\u010dinkom | \u017dIVAZANKA HANDMADE\",\"isPartOf\":{\"@id\":\"https:\/\/zivazanka.com\/sl\/#website\"},\"primaryImageOfPage\":{\"@id\":\"https:\/\/zivazanka.com\/sl\/izdelek\/roznato-zlat-vecnamenski-sal-ovratnik-metallic\/#primaryimage\"},\"image\":{\"@id\":\"https:\/\/zivazanka.com\/sl\/izdelek\/roznato-zlat-vecnamenski-sal-ovratnik-metallic\/#primaryimage\"},\"thumbnailUrl\":\"https:\/\/zivazanka.com\/wp-content\/uploads\/2026\/01\/1000015176-1.jpg\",\"datePublished\":\"2026-01-26T16:58:41+00:00\",\"dateModified\":\"2026-01-27T17:51:42+00:00\",\"description\":\"\u010ce \u017eeli\u0161 nositi svoj unikaten \u0161al znamke \u017divaZanka Handmade, si na pravem mestu. :)\",\"breadcrumb\":{\"@id\":\"https:\/\/zivazanka.com\/sl\/izdelek\/roznato-zlat-vecnamenski-sal-ovratnik-metallic\/#breadcrumb\"},\"inLanguage\":\"sl-SI\",\"potentialAction\":[{\"@type\":\"ReadAction\",\"target\":[\"https:\/\/zivazanka.com\/sl\/izdelek\/roznato-zlat-vecnamenski-sal-ovratnik-metallic\/\"]}]},{\"@type\":\"ImageObject\",\"inLanguage\":\"sl-SI\",\"@id\":\"https:\/\/zivazanka.com\/sl\/izdelek\/roznato-zlat-vecnamenski-sal-ovratnik-metallic\/#primaryimage\",\"url\":\"https:\/\/zivazanka.com\/wp-content\/uploads\/2026\/01\/1000015176-1.jpg\",\"contentUrl\":\"https:\/\/zivazanka.com\/wp-content\/uploads\/2026\/01\/1000015176-1.jpg\",\"width\":1100,\"height\":880},{\"@type\":\"BreadcrumbList\",\"@id\":\"https:\/\/zivazanka.com\/sl\/izdelek\/roznato-zlat-vecnamenski-sal-ovratnik-metallic\/#breadcrumb\",\"itemListElement\":[{\"@type\":\"ListItem\",\"position\":1,\"name\":\"Home\",\"item\":\"https:\/\/zivazanka.com\/sl\/zivazanka-com-sl\/\"},{\"@type\":\"ListItem\",\"position\":2,\"name\":\"Trgovina\",\"item\":\"https:\/\/zivazanka.com\/sl\/trgovina\/\"},{\"@type\":\"ListItem\",\"position\":3,\"name\":\"Temno ro\u017enato zlat ve\u010dnamenski \u0161al ovratnik z metalnim u\u010dinkom\"}]},{\"@type\":\"WebSite\",\"@id\":\"https:\/\/zivazanka.com\/sl\/#website\",\"url\":\"https:\/\/zivazanka.com\/sl\/\",\"name\":\"\u017dIVAZANKA HANDMADE\",\"description\":\"Modni dodatki\",\"publisher\":{\"@id\":\"https:\/\/zivazanka.com\/sl\/#organization\"},\"potentialAction\":[{\"@type\":\"SearchAction\",\"target\":{\"@type\":\"EntryPoint\",\"urlTemplate\":\"https:\/\/zivazanka.com\/sl\/?s={search_term_string}\"},\"query-input\":{\"@type\":\"PropertyValueSpecification\",\"valueRequired\":true,\"valueName\":\"search_term_string\"}}],\"inLanguage\":\"sl-SI\"},{\"@type\":\"Organization\",\"@id\":\"https:\/\/zivazanka.com\/sl\/#organization\",\"name\":\"\u017diva Petrov\u010di\u010d o.d.d.\",\"url\":\"https:\/\/zivazanka.com\/sl\/\",\"logo\":{\"@type\":\"ImageObject\",\"inLanguage\":\"sl-SI\",\"@id\":\"https:\/\/zivazanka.com\/sl\/#\/schema\/logo\/image\/\",\"url\":\"http:\/\/ziva.lightning.si\/wp-content\/uploads\/2023\/03\/stisnjen-s-tinypng.com-2013-Ziva-Zanka-Logo-ZIVA-BW-200x200pix.jpg\",\"contentUrl\":\"http:\/\/ziva.lightning.si\/wp-content\/uploads\/2023\/03\/stisnjen-s-tinypng.com-2013-Ziva-Zanka-Logo-ZIVA-BW-200x200pix.jpg\",\"width\":200,\"height\":200,\"caption\":\"\u017diva Petrov\u010di\u010d o.d.d.\"},\"image\":{\"@id\":\"https:\/\/zivazanka.com\/sl\/#\/schema\/logo\/image\/\"},\"sameAs\":[\"https:\/\/x.com\/ZivaZanka\"]}]}<\/script>\n<!-- \/ Yoast SEO plugin. -->","yoast_head_json":{"title":"Temno ro\u017enato zlat ve\u010dnamenski \u0161al ovratnik z metalnim u\u010dinkom | \u017dIVAZANKA HANDMADE","description":"\u010ce \u017eeli\u0161 nositi svoj unikaten \u0161al znamke \u017divaZanka Handmade, si na pravem mestu. :)","robots":{"index":"index","follow":"follow","max-snippet":"max-snippet:-1","max-image-preview":"max-image-preview:large","max-video-preview":"max-video-preview:-1"},"canonical":"https:\/\/zivazanka.com\/sl\/izdelek\/roznato-zlat-vecnamenski-sal-ovratnik-metallic\/","og_locale":"sl_SI","og_type":"article","og_title":"Temno ro\u017enato zlat ve\u010dnamenski \u0161al ovratnik z metalnim u\u010dinkom | \u017dIVAZANKA HANDMADE","og_description":"\u010ce \u017eeli\u0161 nositi svoj unikaten \u0161al znamke \u017divaZanka Handmade, si na pravem mestu. :)","og_url":"https:\/\/zivazanka.com\/sl\/izdelek\/roznato-zlat-vecnamenski-sal-ovratnik-metallic\/","og_site_name":"\u017dIVAZANKA HANDMADE","article_modified_time":"2026-01-27T17:51:42+00:00","og_image":[{"width":1100,"height":880,"url":"https:\/\/zivazanka.com\/wp-content\/uploads\/2026\/01\/1000015176-1.jpg","type":"image\/jpeg"}],"twitter_card":"summary_large_image","twitter_site":"@ZivaZanka","schema":{"@context":"https:\/\/schema.org","@graph":[{"@type":"WebPage","@id":"https:\/\/zivazanka.com\/sl\/izdelek\/roznato-zlat-vecnamenski-sal-ovratnik-metallic\/","url":"https:\/\/zivazanka.com\/sl\/izdelek\/roznato-zlat-vecnamenski-sal-ovratnik-metallic\/","name":"Temno ro\u017enato zlat ve\u010dnamenski \u0161al ovratnik z metalnim u\u010dinkom | \u017dIVAZANKA HANDMADE","isPartOf":{"@id":"https:\/\/zivazanka.com\/sl\/#website"},"primaryImageOfPage":{"@id":"https:\/\/zivazanka.com\/sl\/izdelek\/roznato-zlat-vecnamenski-sal-ovratnik-metallic\/#primaryimage"},"image":{"@id":"https:\/\/zivazanka.com\/sl\/izdelek\/roznato-zlat-vecnamenski-sal-ovratnik-metallic\/#primaryimage"},"thumbnailUrl":"https:\/\/zivazanka.com\/wp-content\/uploads\/2026\/01\/1000015176-1.jpg","datePublished":"2026-01-26T16:58:41+00:00","dateModified":"2026-01-27T17:51:42+00:00","description":"\u010ce \u017eeli\u0161 nositi svoj unikaten \u0161al znamke \u017divaZanka Handmade, si na pravem mestu. :)","breadcrumb":{"@id":"https:\/\/zivazanka.com\/sl\/izdelek\/roznato-zlat-vecnamenski-sal-ovratnik-metallic\/#breadcrumb"},"inLanguage":"sl-SI","potentialAction":[{"@type":"ReadAction","target":["https:\/\/zivazanka.com\/sl\/izdelek\/roznato-zlat-vecnamenski-sal-ovratnik-metallic\/"]}]},{"@type":"ImageObject","inLanguage":"sl-SI","@id":"https:\/\/zivazanka.com\/sl\/izdelek\/roznato-zlat-vecnamenski-sal-ovratnik-metallic\/#primaryimage","url":"https:\/\/zivazanka.com\/wp-content\/uploads\/2026\/01\/1000015176-1.jpg","contentUrl":"https:\/\/zivazanka.com\/wp-content\/uploads\/2026\/01\/1000015176-1.jpg","width":1100,"height":880},{"@type":"BreadcrumbList","@id":"https:\/\/zivazanka.com\/sl\/izdelek\/roznato-zlat-vecnamenski-sal-ovratnik-metallic\/#breadcrumb","itemListElement":[{"@type":"ListItem","position":1,"name":"Home","item":"https:\/\/zivazanka.com\/sl\/zivazanka-com-sl\/"},{"@type":"ListItem","position":2,"name":"Trgovina","item":"https:\/\/zivazanka.com\/sl\/trgovina\/"},{"@type":"ListItem","position":3,"name":"Temno ro\u017enato zlat ve\u010dnamenski \u0161al ovratnik z metalnim u\u010dinkom"}]},{"@type":"WebSite","@id":"https:\/\/zivazanka.com\/sl\/#website","url":"https:\/\/zivazanka.com\/sl\/","name":"\u017dIVAZANKA HANDMADE","description":"Modni dodatki","publisher":{"@id":"https:\/\/zivazanka.com\/sl\/#organization"},"potentialAction":[{"@type":"SearchAction","target":{"@type":"EntryPoint","urlTemplate":"https:\/\/zivazanka.com\/sl\/?s={search_term_string}"},"query-input":{"@type":"PropertyValueSpecification","valueRequired":true,"valueName":"search_term_string"}}],"inLanguage":"sl-SI"},{"@type":"Organization","@id":"https:\/\/zivazanka.com\/sl\/#organization","name":"\u017diva Petrov\u010di\u010d o.d.d.","url":"https:\/\/zivazanka.com\/sl\/","logo":{"@type":"ImageObject","inLanguage":"sl-SI","@id":"https:\/\/zivazanka.com\/sl\/#\/schema\/logo\/image\/","url":"http:\/\/ziva.lightning.si\/wp-content\/uploads\/2023\/03\/stisnjen-s-tinypng.com-2013-Ziva-Zanka-Logo-ZIVA-BW-200x200pix.jpg","contentUrl":"http:\/\/ziva.lightning.si\/wp-content\/uploads\/2023\/03\/stisnjen-s-tinypng.com-2013-Ziva-Zanka-Logo-ZIVA-BW-200x200pix.jpg","width":200,"height":200,"caption":"\u017diva Petrov\u010di\u010d o.d.d."},"image":{"@id":"https:\/\/zivazanka.com\/sl\/#\/schema\/logo\/image\/"},"sameAs":["https:\/\/x.com\/ZivaZanka"]}]}},"_links":{"self":[{"href":"https:\/\/zivazanka.com\/sl\/wp-json\/wp\/v2\/product\/4504","targetHints":{"allow":["GET"]}}],"collection":[{"href":"https:\/\/zivazanka.com\/sl\/wp-json\/wp\/v2\/product"}],"about":[{"href":"https:\/\/zivazanka.com\/sl\/wp-json\/wp\/v2\/types\/product"}],"wp:featuredmedia":[{"embeddable":true,"href":"https:\/\/zivazanka.com\/sl\/wp-json\/wp\/v2\/media\/4531"}],"wp:attachment":[{"href":"https:\/\/zivazanka.com\/sl\/wp-json\/wp\/v2\/media?parent=4504"}],"wp:term":[{"taxonomy":"product_brand","embeddable":true,"href":"https:\/\/zivazanka.com\/sl\/wp-json\/wp\/v2\/product_brand?post=4504"},{"taxonomy":"product_cat","embeddable":true,"href":"https:\/\/zivazanka.com\/sl\/wp-json\/wp\/v2\/product_cat?post=4504"},{"taxonomy":"product_tag","embeddable":true,"href":"https:\/\/zivazanka.com\/sl\/wp-json\/wp\/v2\/product_tag?post=4504"}],"curies":[{"name":"wp","href":"https:\/\/api.w.org\/{rel}","templated":true}]}}