{"id":4885,"date":"2026-02-28T16:22:38","date_gmt":"2026-02-28T16:22:38","guid":{"rendered":"https:\/\/zivazanka.com\/?post_type=product&#038;p=4885"},"modified":"2026-03-03T14:24:29","modified_gmt":"2026-03-03T14:24:29","slug":"oversized-crn-bombazen-cipkast-plet-rese","status":"publish","type":"product","link":"https:\/\/zivazanka.com\/sl\/izdelek\/oversized-crn-bombazen-cipkast-plet-rese\/","title":{"rendered":"Oversized \u010drn bomba\u017een \u010dipkast plet z resami"},"content":{"rendered":"<p>Ta velik, udoben trikotni plet z resami je nosljiv skozi vse leto. Njegova statement \u010dipka in \u010drna barva ustvarita drzen, brez\u010dasen in misteriozen videz. Predstavlja vsestranski alternativni modni kos, ki se bo dobro podal k razli\u010dnim obla\u010dilom. Lahko si ga ovijete okoli vratu, ogrnete okoli ramen ali celo zave\u017eete okoli pasu \u010dez kopalke poleti.<\/p>\n<p>To je lahko tudi dobro darilo za va\u0161e prijatelje, sodelavce ali dru\u017einske \u010dlane. Predstavlja namre\u010d darilo, ki je bolj osebno, saj je ro\u010dno izdelano. Obenem pa je tudi redko, pomensko, prakti\u010dno in kakovostno.<\/p>\n<p>===== Materiali =====<\/p>\n<p>Ro\u010dno je izdelan iz 100% bomba\u017ene preje v \u010drni barvi.<\/p>\n<p>===== Velikost \/ Mere =====<\/p>\n<p>180 cm (najdalj\u0161a stranica) x 70 cm (od sredine najdalj\u0161e straice do nasprotne konice) (plus rese: 14 cm)<\/p>\n<p>===== Navodila za vzdr\u017eevanje =====<\/p>\n<p>Izdelek je pralen v stroju (ob\u010dutljivo perilo\/ro\u010dno pranje, 30\u00b0C). Ne su\u0161ite v su\u0161ilcu. Polo\u017eite na vodoravno povr\u0161ino in posu\u0161ite. Priporo\u010deno je blokiranje ali likanje pri nizki temperaturi preko krpe.<\/p>\n","protected":false},"excerpt":{"rendered":"<p>&nbsp;<\/p>\n<ul>\n<li>ro\u010dno izdelano in unikatno<\/li>\n<li>iz 100% bomba\u017ene preje<\/li>\n<li>pralno v stroju<\/li>\n<li>udobno za no\u0161enje in trpe\u017eno<\/li>\n<li>bolj osebno, pomensko, uporabno, kakovostno darilo<\/li>\n<\/ul>\n<p>&nbsp;<\/p>\n<p>&nbsp;<\/p>\n","protected":false},"featured_media":4915,"template":"","meta":{"site-sidebar-layout":"default","site-content-layout":"default","ast-site-content-layout":"default","site-content-style":"default","site-sidebar-style":"default","ast-global-header-display":"","ast-banner-title-visibility":"","ast-main-header-display":"","ast-hfb-above-header-display":"","ast-hfb-below-header-display":"","ast-hfb-mobile-header-display":"","site-post-title":"","ast-breadcrumbs-content":"","ast-featured-img":"","footer-sml-layout":"","ast-disable-related-posts":"","theme-transparent-header-meta":"default","adv-header-id-meta":"","stick-header-meta":"","header-above-stick-meta":"","header-main-stick-meta":"","header-below-stick-meta":"","astra-migrate-meta-layouts":"set","ast-page-background-enabled":"default","ast-page-background-meta":{"desktop":{"background-color":"","background-image":"","background-repeat":"repeat","background-position":"center center","background-size":"auto","background-attachment":"scroll","background-type":"","background-media":"","overlay-type":"","overlay-color":"","overlay-opacity":"","overlay-gradient":""},"tablet":{"background-color":"","background-image":"","background-repeat":"repeat","background-position":"center center","background-size":"auto","background-attachment":"scroll","background-type":"","background-media":"","overlay-type":"","overlay-color":"","overlay-opacity":"","overlay-gradient":""},"mobile":{"background-color":"","background-image":"","background-repeat":"repeat","background-position":"center center","background-size":"auto","background-attachment":"scroll","background-type":"","background-media":"","overlay-type":"","overlay-color":"","overlay-opacity":"","overlay-gradient":""}},"ast-content-background-meta":{"desktop":{"background-color":"var(--ast-global-color-5)","background-image":"","background-repeat":"repeat","background-position":"center center","background-size":"auto","background-attachment":"scroll","background-type":"","background-media":"","overlay-type":"","overlay-color":"","overlay-opacity":"","overlay-gradient":""},"tablet":{"background-color":"var(--ast-global-color-5)","background-image":"","background-repeat":"repeat","background-position":"center center","background-size":"auto","background-attachment":"scroll","background-type":"","background-media":"","overlay-type":"","overlay-color":"","overlay-opacity":"","overlay-gradient":""},"mobile":{"background-color":"var(--ast-global-color-5)","background-image":"","background-repeat":"repeat","background-position":"center center","background-size":"auto","background-attachment":"scroll","background-type":"","background-media":"","overlay-type":"","overlay-color":"","overlay-opacity":"","overlay-gradient":""}}},"product_brand":[],"product_cat":[94,89],"product_tag":[],"class_list":{"0":"post-4885","1":"product","2":"type-product","3":"status-publish","4":"has-post-thumbnail","6":"product_cat-alternativni-stil","7":"product_cat-dodatki-day-to-night","8":"desktop-align-left","9":"tablet-align-left","10":"mobile-align-left","12":"first","13":"instock","14":"featured","15":"shipping-taxable","16":"purchasable","17":"product-type-simple"},"yoast_head":"<!-- This site is optimized with the Yoast SEO plugin v27.2 - https:\/\/yoast.com\/product\/yoast-seo-wordpress\/ -->\n<title>Oversized \u010drn bomba\u017een \u010dipkast plet z resami | \u017dIVAZANKA HANDMADE<\/title>\n<meta name=\"description\" content=\"\u010ce \u017eeli\u0161 nositi svojo unikatno ruto znamke \u017divaZanka Handmade, si na pravem mestu. :)\" \/>\n<meta name=\"robots\" content=\"index, follow, max-snippet:-1, max-image-preview:large, max-video-preview:-1\" \/>\n<link rel=\"canonical\" href=\"https:\/\/zivazanka.com\/sl\/izdelek\/oversized-crn-bombazen-cipkast-plet-rese\/\" \/>\n<meta property=\"og:locale\" content=\"sl_SI\" \/>\n<meta property=\"og:type\" content=\"article\" \/>\n<meta property=\"og:title\" content=\"Oversized \u010drn bomba\u017een \u010dipkast plet z resami | \u017dIVAZANKA HANDMADE\" \/>\n<meta property=\"og:description\" content=\"\u010ce \u017eeli\u0161 nositi svojo unikatno ruto znamke \u017divaZanka Handmade, si na pravem mestu. :)\" \/>\n<meta property=\"og:url\" content=\"https:\/\/zivazanka.com\/sl\/izdelek\/oversized-crn-bombazen-cipkast-plet-rese\/\" \/>\n<meta property=\"og:site_name\" content=\"\u017dIVAZANKA HANDMADE\" \/>\n<meta property=\"article:modified_time\" content=\"2026-03-03T14:24:29+00:00\" \/>\n<meta property=\"og:image\" content=\"https:\/\/zivazanka.com\/wp-content\/uploads\/2026\/03\/Untitled-2.png\" \/>\n\t<meta property=\"og:image:width\" content=\"921\" \/>\n\t<meta property=\"og:image:height\" content=\"709\" \/>\n\t<meta property=\"og:image:type\" content=\"image\/png\" \/>\n<meta name=\"twitter:card\" content=\"summary_large_image\" \/>\n<meta name=\"twitter:site\" content=\"@ZivaZanka\" \/>\n<script type=\"application\/ld+json\" class=\"yoast-schema-graph\">{\"@context\":\"https:\/\/schema.org\",\"@graph\":[{\"@type\":\"WebPage\",\"@id\":\"https:\/\/zivazanka.com\/sl\/izdelek\/oversized-crn-bombazen-cipkast-plet-rese\/\",\"url\":\"https:\/\/zivazanka.com\/sl\/izdelek\/oversized-crn-bombazen-cipkast-plet-rese\/\",\"name\":\"Oversized \u010drn bomba\u017een \u010dipkast plet z resami | \u017dIVAZANKA HANDMADE\",\"isPartOf\":{\"@id\":\"https:\/\/zivazanka.com\/sl\/#website\"},\"primaryImageOfPage\":{\"@id\":\"https:\/\/zivazanka.com\/sl\/izdelek\/oversized-crn-bombazen-cipkast-plet-rese\/#primaryimage\"},\"image\":{\"@id\":\"https:\/\/zivazanka.com\/sl\/izdelek\/oversized-crn-bombazen-cipkast-plet-rese\/#primaryimage\"},\"thumbnailUrl\":\"https:\/\/zivazanka.com\/wp-content\/uploads\/2026\/03\/Untitled-2.png\",\"datePublished\":\"2026-02-28T16:22:38+00:00\",\"dateModified\":\"2026-03-03T14:24:29+00:00\",\"description\":\"\u010ce \u017eeli\u0161 nositi svojo unikatno ruto znamke \u017divaZanka Handmade, si na pravem mestu. :)\",\"breadcrumb\":{\"@id\":\"https:\/\/zivazanka.com\/sl\/izdelek\/oversized-crn-bombazen-cipkast-plet-rese\/#breadcrumb\"},\"inLanguage\":\"sl-SI\",\"potentialAction\":[{\"@type\":\"ReadAction\",\"target\":[\"https:\/\/zivazanka.com\/sl\/izdelek\/oversized-crn-bombazen-cipkast-plet-rese\/\"]}]},{\"@type\":\"ImageObject\",\"inLanguage\":\"sl-SI\",\"@id\":\"https:\/\/zivazanka.com\/sl\/izdelek\/oversized-crn-bombazen-cipkast-plet-rese\/#primaryimage\",\"url\":\"https:\/\/zivazanka.com\/wp-content\/uploads\/2026\/03\/Untitled-2.png\",\"contentUrl\":\"https:\/\/zivazanka.com\/wp-content\/uploads\/2026\/03\/Untitled-2.png\",\"width\":921,\"height\":709},{\"@type\":\"BreadcrumbList\",\"@id\":\"https:\/\/zivazanka.com\/sl\/izdelek\/oversized-crn-bombazen-cipkast-plet-rese\/#breadcrumb\",\"itemListElement\":[{\"@type\":\"ListItem\",\"position\":1,\"name\":\"Home\",\"item\":\"https:\/\/zivazanka.com\/sl\/zivazanka-com-sl\/\"},{\"@type\":\"ListItem\",\"position\":2,\"name\":\"Trgovina\",\"item\":\"https:\/\/zivazanka.com\/sl\/trgovina\/\"},{\"@type\":\"ListItem\",\"position\":3,\"name\":\"Oversized \u010drn bomba\u017een \u010dipkast plet z resami\"}]},{\"@type\":\"WebSite\",\"@id\":\"https:\/\/zivazanka.com\/sl\/#website\",\"url\":\"https:\/\/zivazanka.com\/sl\/\",\"name\":\"\u017dIVAZANKA HANDMADE\",\"description\":\"Modni dodatki\",\"publisher\":{\"@id\":\"https:\/\/zivazanka.com\/sl\/#organization\"},\"potentialAction\":[{\"@type\":\"SearchAction\",\"target\":{\"@type\":\"EntryPoint\",\"urlTemplate\":\"https:\/\/zivazanka.com\/sl\/?s={search_term_string}\"},\"query-input\":{\"@type\":\"PropertyValueSpecification\",\"valueRequired\":true,\"valueName\":\"search_term_string\"}}],\"inLanguage\":\"sl-SI\"},{\"@type\":\"Organization\",\"@id\":\"https:\/\/zivazanka.com\/sl\/#organization\",\"name\":\"\u017diva Petrov\u010di\u010d o.d.d.\",\"url\":\"https:\/\/zivazanka.com\/sl\/\",\"logo\":{\"@type\":\"ImageObject\",\"inLanguage\":\"sl-SI\",\"@id\":\"https:\/\/zivazanka.com\/sl\/#\/schema\/logo\/image\/\",\"url\":\"http:\/\/ziva.lightning.si\/wp-content\/uploads\/2023\/03\/stisnjen-s-tinypng.com-2013-Ziva-Zanka-Logo-ZIVA-BW-200x200pix.jpg\",\"contentUrl\":\"http:\/\/ziva.lightning.si\/wp-content\/uploads\/2023\/03\/stisnjen-s-tinypng.com-2013-Ziva-Zanka-Logo-ZIVA-BW-200x200pix.jpg\",\"width\":200,\"height\":200,\"caption\":\"\u017diva Petrov\u010di\u010d o.d.d.\"},\"image\":{\"@id\":\"https:\/\/zivazanka.com\/sl\/#\/schema\/logo\/image\/\"},\"sameAs\":[\"https:\/\/x.com\/ZivaZanka\"]}]}<\/script>\n<!-- \/ Yoast SEO plugin. -->","yoast_head_json":{"title":"Oversized \u010drn bomba\u017een \u010dipkast plet z resami | \u017dIVAZANKA HANDMADE","description":"\u010ce \u017eeli\u0161 nositi svojo unikatno ruto znamke \u017divaZanka Handmade, si na pravem mestu. :)","robots":{"index":"index","follow":"follow","max-snippet":"max-snippet:-1","max-image-preview":"max-image-preview:large","max-video-preview":"max-video-preview:-1"},"canonical":"https:\/\/zivazanka.com\/sl\/izdelek\/oversized-crn-bombazen-cipkast-plet-rese\/","og_locale":"sl_SI","og_type":"article","og_title":"Oversized \u010drn bomba\u017een \u010dipkast plet z resami | \u017dIVAZANKA HANDMADE","og_description":"\u010ce \u017eeli\u0161 nositi svojo unikatno ruto znamke \u017divaZanka Handmade, si na pravem mestu. :)","og_url":"https:\/\/zivazanka.com\/sl\/izdelek\/oversized-crn-bombazen-cipkast-plet-rese\/","og_site_name":"\u017dIVAZANKA HANDMADE","article_modified_time":"2026-03-03T14:24:29+00:00","og_image":[{"width":921,"height":709,"url":"https:\/\/zivazanka.com\/wp-content\/uploads\/2026\/03\/Untitled-2.png","type":"image\/png"}],"twitter_card":"summary_large_image","twitter_site":"@ZivaZanka","schema":{"@context":"https:\/\/schema.org","@graph":[{"@type":"WebPage","@id":"https:\/\/zivazanka.com\/sl\/izdelek\/oversized-crn-bombazen-cipkast-plet-rese\/","url":"https:\/\/zivazanka.com\/sl\/izdelek\/oversized-crn-bombazen-cipkast-plet-rese\/","name":"Oversized \u010drn bomba\u017een \u010dipkast plet z resami | \u017dIVAZANKA HANDMADE","isPartOf":{"@id":"https:\/\/zivazanka.com\/sl\/#website"},"primaryImageOfPage":{"@id":"https:\/\/zivazanka.com\/sl\/izdelek\/oversized-crn-bombazen-cipkast-plet-rese\/#primaryimage"},"image":{"@id":"https:\/\/zivazanka.com\/sl\/izdelek\/oversized-crn-bombazen-cipkast-plet-rese\/#primaryimage"},"thumbnailUrl":"https:\/\/zivazanka.com\/wp-content\/uploads\/2026\/03\/Untitled-2.png","datePublished":"2026-02-28T16:22:38+00:00","dateModified":"2026-03-03T14:24:29+00:00","description":"\u010ce \u017eeli\u0161 nositi svojo unikatno ruto znamke \u017divaZanka Handmade, si na pravem mestu. :)","breadcrumb":{"@id":"https:\/\/zivazanka.com\/sl\/izdelek\/oversized-crn-bombazen-cipkast-plet-rese\/#breadcrumb"},"inLanguage":"sl-SI","potentialAction":[{"@type":"ReadAction","target":["https:\/\/zivazanka.com\/sl\/izdelek\/oversized-crn-bombazen-cipkast-plet-rese\/"]}]},{"@type":"ImageObject","inLanguage":"sl-SI","@id":"https:\/\/zivazanka.com\/sl\/izdelek\/oversized-crn-bombazen-cipkast-plet-rese\/#primaryimage","url":"https:\/\/zivazanka.com\/wp-content\/uploads\/2026\/03\/Untitled-2.png","contentUrl":"https:\/\/zivazanka.com\/wp-content\/uploads\/2026\/03\/Untitled-2.png","width":921,"height":709},{"@type":"BreadcrumbList","@id":"https:\/\/zivazanka.com\/sl\/izdelek\/oversized-crn-bombazen-cipkast-plet-rese\/#breadcrumb","itemListElement":[{"@type":"ListItem","position":1,"name":"Home","item":"https:\/\/zivazanka.com\/sl\/zivazanka-com-sl\/"},{"@type":"ListItem","position":2,"name":"Trgovina","item":"https:\/\/zivazanka.com\/sl\/trgovina\/"},{"@type":"ListItem","position":3,"name":"Oversized \u010drn bomba\u017een \u010dipkast plet z resami"}]},{"@type":"WebSite","@id":"https:\/\/zivazanka.com\/sl\/#website","url":"https:\/\/zivazanka.com\/sl\/","name":"\u017dIVAZANKA HANDMADE","description":"Modni dodatki","publisher":{"@id":"https:\/\/zivazanka.com\/sl\/#organization"},"potentialAction":[{"@type":"SearchAction","target":{"@type":"EntryPoint","urlTemplate":"https:\/\/zivazanka.com\/sl\/?s={search_term_string}"},"query-input":{"@type":"PropertyValueSpecification","valueRequired":true,"valueName":"search_term_string"}}],"inLanguage":"sl-SI"},{"@type":"Organization","@id":"https:\/\/zivazanka.com\/sl\/#organization","name":"\u017diva Petrov\u010di\u010d o.d.d.","url":"https:\/\/zivazanka.com\/sl\/","logo":{"@type":"ImageObject","inLanguage":"sl-SI","@id":"https:\/\/zivazanka.com\/sl\/#\/schema\/logo\/image\/","url":"http:\/\/ziva.lightning.si\/wp-content\/uploads\/2023\/03\/stisnjen-s-tinypng.com-2013-Ziva-Zanka-Logo-ZIVA-BW-200x200pix.jpg","contentUrl":"http:\/\/ziva.lightning.si\/wp-content\/uploads\/2023\/03\/stisnjen-s-tinypng.com-2013-Ziva-Zanka-Logo-ZIVA-BW-200x200pix.jpg","width":200,"height":200,"caption":"\u017diva Petrov\u010di\u010d o.d.d."},"image":{"@id":"https:\/\/zivazanka.com\/sl\/#\/schema\/logo\/image\/"},"sameAs":["https:\/\/x.com\/ZivaZanka"]}]}},"_links":{"self":[{"href":"https:\/\/zivazanka.com\/sl\/wp-json\/wp\/v2\/product\/4885","targetHints":{"allow":["GET"]}}],"collection":[{"href":"https:\/\/zivazanka.com\/sl\/wp-json\/wp\/v2\/product"}],"about":[{"href":"https:\/\/zivazanka.com\/sl\/wp-json\/wp\/v2\/types\/product"}],"wp:featuredmedia":[{"embeddable":true,"href":"https:\/\/zivazanka.com\/sl\/wp-json\/wp\/v2\/media\/4915"}],"wp:attachment":[{"href":"https:\/\/zivazanka.com\/sl\/wp-json\/wp\/v2\/media?parent=4885"}],"wp:term":[{"taxonomy":"product_brand","embeddable":true,"href":"https:\/\/zivazanka.com\/sl\/wp-json\/wp\/v2\/product_brand?post=4885"},{"taxonomy":"product_cat","embeddable":true,"href":"https:\/\/zivazanka.com\/sl\/wp-json\/wp\/v2\/product_cat?post=4885"},{"taxonomy":"product_tag","embeddable":true,"href":"https:\/\/zivazanka.com\/sl\/wp-json\/wp\/v2\/product_tag?post=4885"}],"curies":[{"name":"wp","href":"https:\/\/api.w.org\/{rel}","templated":true}]}}